{"id":91,"date":"2014-07-07T23:23:46","date_gmt":"2014-07-08T03:23:46","guid":{"rendered":"http:\/\/www.juan-larrosa.com\/?page_id=91"},"modified":"2024-10-16T09:42:18","modified_gmt":"2024-10-16T15:42:18","slug":"journalism","status":"publish","type":"page","link":"https:\/\/www.juan-larrosa.com\/en\/journalism\/","title":{"rendered":"Journalism and the Press"},"content":{"rendered":"<p>The press is a fundamental institution for the political development of contemporary societies, especially those that have democratic aspirations. Journalism is one of the practices that give life to this institution. An essential part of my work as an academic has been the study of journalism and the media in Mexico. The research I have done on the industrial and post-industrial press start from different dimensions (political, economic, environmental and cultural) and various theoretical frameworks (political economy, political communication, or sociology of news production).<\/p>\n<p>&nbsp;<\/p>\n<p>Herrera-Lima, Susana, Juan S. Larrosa-Fuentes, Alma Reyes Perales, Graciela Bernal Loaiza, Alba Sof\u00eda Guti\u00e9rrez Ram\u00edrez, Hern\u00e1n Mu\u00f1oz Acosta, y Mar\u00eda Quinn Cervantes. \u201c<a href=\"https:\/\/www.juan-larrosa.com\/wp-content\/uploads\/2024\/10\/S4.C3Delainjusticiaylaviolenciaepistemicas.pdf\" target=\"_blank\" rel=\"noopener\">From Epistemic Injustice and Epistemic Violence to the Right to Knowledge<\/a>.\u201d En<em> Sociohydric crisis on Lake Chapala\u2019s Shores<\/em>, edited by Susana Herrera-Lima, 163\u201393. Guadalajara: ITESO, 2024. <a href=\"https:\/\/doi.org\/10.31391\/FCWJ1428\" target=\"_blank\" rel=\"noopener\">https:\/\/doi.org\/10.31391\/FCWJ1428<\/a>.<\/p>\n<p>&nbsp;<\/p>\n<p>M\u00e1rquez-Ram\u00edrez, M., &amp; Larrosa-Fuentes, J. S. (2019). <a href=\"https:\/\/medialandscapes.org\/country\/mexico\" target=\"_blank\" rel=\"noopener noreferrer\">Mexico<\/a>. In <i>Media Landscapes. Expert Analyses of the State of the Media<\/i>. Retrieved from <a href=\"https:\/\/medialandscapes.org\/country\/mexico\">https:\/\/medialandscapes.org\/country\/mexico<\/a><\/p>\n<p>&nbsp;<\/p>\n<p>Larrosa-Fuentes, J. S. (2018). <a href=\"http:\/\/www.juan-larrosa.com\/wp-content\/uploads\/2018\/09\/2018.Larrosa.Analyzing-Spatialization-in-Newspapers\u2019-Production.Final_.pdf\">Analyzing Spatialization in Newspapers\u2019 Production: A Case Study of Guadalajara\u2019s Daily Press<\/a>. International Journal of Communication, 12, 3473\u20133489.<\/p>\n<p>&nbsp;<\/p>\n<p>Larrosa-Fuentes, J. S. (2018).<a href=\"http:\/\/www.juan-larrosa.com\/wp-content\/uploads\/2018\/06\/2018.Historia-de-la-prensa-en-Guadalajara-1991-2011.03.Final_.pdf\" target=\"_blank\" rel=\"noopener noreferrer\"> The Decline of the Industrial Press: Guadalajara\u2019s Newspapers History (1991-2011)<\/a>. In M. E. Hern\u00e1ndez Ram\u00edrez (Ed.), Mexican Studies on Journalism: Takeoff and Institutionalization (pp. 189\u2013244). Guadalajara: University of Guadalajara.<\/p>\n<p>&nbsp;<\/p>\n<p class=\"csl-entry\">Larrosa-Fuentes, J. S. (2018). <a href=\"http:\/\/www.juan-larrosa.com\/wp-content\/uploads\/2019\/06\/2018.01.01.Journalistic-narratives-and-collective-memory-of-an-urban-catastrophe.pdf\" target=\"_blank\" rel=\"noopener noreferrer\">Journalistic Narratives and Collective Memory of an Urban Catastrophe: The Case of the April 22 Explosions in Guadalajara\u2019s Newspapers<\/a>. <i>Comunicaci\u00f3n y Sociedad<\/i>, <i>0<\/i>(31).<\/p>\n<p>&nbsp;<\/p>\n<p>Larrosa-Fuentes, J. S. (2014). <a href=\"http:\/\/www.juan-larrosa.com\/wp-content\/uploads\/2014\/12\/Larrosa.Transformaciones-en-la-econom%C3%ADa-pol%C3%ADtica-de-las-empresas-period%C3%ADsticas.pdf\">Changes in the Political Economy of Journalism: Pre-industrial, Industrial, and Post-Industrial Newspapers (Spanish)<\/a>. In R. Orozco Murillo (Ed.), <em>Challenges and Opportunities for Digital Journalism<\/em> (pp. 71\u201386). Guadalajara: Universidad de Guadalajara.<\/p>\n<p>&nbsp;<\/p>\n<p>Acosta Garcia, R., Larrosa-Fuentes, J. S., &amp; Pal\u00e1u Cardona, S. (2014). <a href=\"http:\/\/www.juan-larrosa.com\/wp-content\/uploads\/2017\/07\/Larrosa.Decisiones-p\u00fablicas-sin-di\u00e1logos-p\u00fablicos.pdf\" target=\"_blank\" rel=\"noopener noreferrer\">Public Decisions without Public Dialogue: Case Study of the Via Express in Guadalajara\u2019s Newspapers<\/a>. (Spanish) <em>Comunicaci\u00f3n y Sociedad<\/em>, (21), 139\u2013159.<\/p>\n<p>&nbsp;<\/p>\n<p>Larrosa-Fuentes, J. S. (2014). <a href=\"http:\/\/www.juan-larrosa.com\/wp-content\/uploads\/2014\/12\/Larrosa.Estructura-de-la-prensa-generalista-en-Guadalajara-1990-2010.Final_.pdf\">The Structure of Guadalajara\u2019s Newspapers Industry (1990-2010) (Spanish)<\/a>. In F. Aceves Gonz\u00e1lez &amp; F. Hern\u00e1ndez (Eds.), <em>Emerging approaches to the study of communication<\/em> (pp. 41\u201370). Guadalajara: Universidad de Guadalajara.<\/p>\n<p>&nbsp;<\/p>\n<p>Larrosa-Fuentes, J. S. (2012). <a href=\"http:\/\/www.juan-larrosa.com\/wp-content\/uploads\/2019\/06\/Larrosa.Tesis_.Final_.pdf\" target=\"_blank\" rel=\"noopener noreferrer\"><em>History, Structure, Production, and Financing of Guadalajara\u2019s Newspapers: 1990-2012<\/em><\/a>. (Spanish) University of Guadalajara, Guadalajara.<\/p>\n<p>&nbsp;<\/p>\n<p>Castro Rosales, E., Larrosa-Fuentes, J. S., &amp; Reyes Ruiz, J. (2012). <a href=\"https:\/\/www.academia.edu\/4813300\/El_medio_ambiente_en_la_prensa_nacional_marginalidad_y_escasa_sustancia_2012_\">Environment and national press: marginality and little substance<\/a>. (Spanish) In J. M. Ramos Rodr\u00edguez &amp; E. Molina Carmona, <em>Environmental Communication in Mexico: approaches, experiences, and perspectives<\/em> (pp. 51\u201377). Benem\u00e9rita Universidad Aut\u00f3noma de Puebla.<\/p>\n<p>&nbsp;<\/p>\n<p>Larrosa-Fuentes, J. S., Castro Rosales, E., &amp; Reyes Ruiz, J. (2012). <a href=\"https:\/\/www.academia.edu\/4813281\/El_abordaje_del_cambio_climatico_en_la_prensa_nacional_la_contribucion_mediatica_a_la_construccion_de_una_cultura_ambiental_2012_\">Climate change in the national press: the media contribution to building an environmental culture<\/a>. (Spanish) In B. Ortiz Espejel &amp; C. Velasco Samperio, <em>Social perception of climate change and guidelines for environmental education in Mexico<\/em> (pp. 163\u2013185). M\u00e9xico: Universidad Iberoamericana Puebla.<\/p>\n<p>&nbsp;<\/p>\n<p>Castro Rosales, E., Reyes Ruiz, J., &amp; Larrosa-Fuentes, J. S. (2011). <a href=\"http:\/\/ciiea.setab.gob.mx\/publicaciones\/Revistas\/num%203\/Revista.pdf\">Analysis of the Perspective on Climate Change in the National Written Press<\/a>. (Spanish) <em>Latap\u00ed<\/em>, (2), 11\u201315.<\/p>\n<p>&nbsp;<\/p>\n<p>Larrosa-Fuentes, J. S. (2007). <a href=\"http:\/\/www.juan-larrosa.com\/wp-content\/uploads\/2017\/04\/Larrosa.Analisis.contenido.ombudsman.pdf\" target=\"_blank\" rel=\"noopener noreferrer\">Election Process of Jalisco\u2019s Ombudsman. Chronicle of Events and Analysis of Actors and Institutions<\/a>. (Spanish) In <em>Evaluation of the Election Process of Jalisco\u2019s Ombudsman, 2007<\/em> (pp. 170\u2013183). Guadalajara: CEPAD.<\/p>\n<p>&nbsp;<\/p>\n<p>Larrosa-Fuentes, J. S. (2003). <a href=\"http:\/\/www.juan-larrosa.com\/wp-content\/uploads\/2019\/06\/Larrosa.Tesis-Licenciatura-Final.pdf\" target=\"_blank\" rel=\"noopener noreferrer\"><em>Analysis of the Impact that the Appearance of the Weekly Magazine Siete D\u00edas Caused in the Media Agenda of the Public Sphere in Sayula, Jalisco<\/em><\/a>. ITESO, Guadalajara, M\u00e9xico.<\/p>\n","protected":false},"excerpt":{"rendered":"<p class=\"excerpt\">The press is a fundamental institution for the political development of contemporary societies, especially those that have democratic aspirations. Journalism is one of the practices that give life to this institution. An essential part of my work as an academic has been the study of journalism and the media in Mexico. The research I have done on the industrial and&hellip; <a href=\"https:\/\/www.juan-larrosa.com\/en\/journalism\/\">Read more &rarr;<\/a><\/p>\n","protected":false},"author":1,"featured_media":0,"parent":0,"menu_order":0,"comment_status":"closed","ping_status":"closed","template":"","meta":{"nf_dc_page":"","advanced_seo_description":"","jetpack_seo_html_title":"","jetpack_seo_noindex":false,"footnotes":""},"class_list":["post-91","page","type-page","status-publish","hentry","xfolkentry"],"jetpack_sharing_enabled":false,"jetpack-related-posts":[{"id":31,"url":"https:\/\/www.juan-larrosa.com\/en\/","url_meta":{"origin":91,"position":0},"title":"Juan S. Larrosa-Fuentes, PhD","author":"Juan S. Larrosa-Fuentes","date":"13 June, 2014","format":false,"excerpt":"He is the director of the Department of Sociocultural Studies at ITESO University and a professor at the School of Journalism and Public Communication. He has published in journals such as the International Journal of Communication, Tripodos, Comunicaci\u00f3n y\u00a0Sociedad, Media, War & Conflict, Virtualis, Latin American Research Review, and Mobilities.\u2026","rel":"","context":"Similar post","block_context":{"text":"Similar post","link":""},"img":{"alt_text":"","src":"https:\/\/i0.wp.com\/www.juan-larrosa.com\/wp-content\/uploads\/2014\/06\/Philly.Fall_.2013.02.jpg?fit=1200%2C1200&ssl=1&resize=350%2C200","width":350,"height":200,"srcset":"https:\/\/i0.wp.com\/www.juan-larrosa.com\/wp-content\/uploads\/2014\/06\/Philly.Fall_.2013.02.jpg?fit=1200%2C1200&ssl=1&resize=350%2C200 1x, https:\/\/i0.wp.com\/www.juan-larrosa.com\/wp-content\/uploads\/2014\/06\/Philly.Fall_.2013.02.jpg?fit=1200%2C1200&ssl=1&resize=525%2C300 1.5x, https:\/\/i0.wp.com\/www.juan-larrosa.com\/wp-content\/uploads\/2014\/06\/Philly.Fall_.2013.02.jpg?fit=1200%2C1200&ssl=1&resize=700%2C400 2x, https:\/\/i0.wp.com\/www.juan-larrosa.com\/wp-content\/uploads\/2014\/06\/Philly.Fall_.2013.02.jpg?fit=1200%2C1200&ssl=1&resize=1050%2C600 3x"},"classes":[]},{"id":297,"url":"https:\/\/www.juan-larrosa.com\/en\/books\/","url_meta":{"origin":91,"position":1},"title":"Books","author":"Juan S. Larrosa-Fuentes","date":"20 September, 2014","format":false,"excerpt":"Journalism in Mexico. Politics, Money, and Technology This book analyzes the media landscape in Mexico, examining the intersections of politics, economics, and technology. The study explores the regulatory framework for media and telecommunications, highlighting the impact of the 2013 constitutional reform and the creation of the IFT. Despite advances, media\u2026","rel":"","context":"Similar post","block_context":{"text":"Similar post","link":""},"img":{"alt_text":"","src":"https:\/\/i0.wp.com\/www.juan-larrosa.com\/wp-content\/uploads\/2025\/03\/Mexico-MIM-FULL-FINAL_Pagina_001-212x300.jpg?resize=350%2C200&ssl=1","width":350,"height":200},"classes":[]},{"id":100,"url":"https:\/\/www.juan-larrosa.com\/en\/political-communication\/","url_meta":{"origin":91,"position":2},"title":"Political Communication &#038; Elections","author":"Juan S. Larrosa-Fuentes","date":"7 July, 2014","format":false,"excerpt":"Since 2006, I have participated in multiple research projects to understand how communication\u2014across its levels and dimensions\u2014structures politics during electoral processes. I have coordinated and taken part in research on Mexico\u2019s federal and local elections in 2006, 2012, 2015, 2018, 2021, and 2024. I also conducted an ethnography of the\u2026","rel":"","context":"Similar post","block_context":{"text":"Similar post","link":""},"img":{"alt_text":"","src":"","width":0,"height":0},"classes":[]},{"id":877,"url":"https:\/\/www.juan-larrosa.com\/en\/teaching\/","url_meta":{"origin":91,"position":3},"title":"Teaching","author":"Juan S. Larrosa-Fuentes","date":"24 February, 2017","format":false,"excerpt":"I have taught at doctoral, master\u2019s, undergraduate, and high school levels. Since 2002, I have worked at institutions such as ITESO University (tenured full professor), the University of Guadalajara, and Temple University (Philadelphia, PA). I am a bilingual professor with experience in both face-to-face and online teaching. My expertise focuses\u2026","rel":"","context":"Similar post","block_context":{"text":"Similar post","link":""},"img":{"alt_text":"Schuylkill River","src":"https:\/\/i0.wp.com\/www.juan-larrosa.com\/wp-content\/uploads\/2014\/06\/IMG_0041.jpg?fit=1200%2C896&ssl=1&resize=350%2C200","width":350,"height":200,"srcset":"https:\/\/i0.wp.com\/www.juan-larrosa.com\/wp-content\/uploads\/2014\/06\/IMG_0041.jpg?fit=1200%2C896&ssl=1&resize=350%2C200 1x, https:\/\/i0.wp.com\/www.juan-larrosa.com\/wp-content\/uploads\/2014\/06\/IMG_0041.jpg?fit=1200%2C896&ssl=1&resize=525%2C300 1.5x, https:\/\/i0.wp.com\/www.juan-larrosa.com\/wp-content\/uploads\/2014\/06\/IMG_0041.jpg?fit=1200%2C896&ssl=1&resize=700%2C400 2x, https:\/\/i0.wp.com\/www.juan-larrosa.com\/wp-content\/uploads\/2014\/06\/IMG_0041.jpg?fit=1200%2C896&ssl=1&resize=1050%2C600 3x"},"classes":[]},{"id":88,"url":"https:\/\/www.juan-larrosa.com\/en\/guadalajara-media-system\/","url_meta":{"origin":91,"position":4},"title":"Guadalajara&#8217;s Media System","author":"Juan S. Larrosa-Fuentes","date":"7 July, 2014","format":false,"excerpt":"As a researcher, I have the interest in the theoretical development of the communication systems concept as an outcome of empirical observations. It is tough\u2014or maybe impossible\u2014to observe all the communication systems of the world. Therefore, I decided to focus on the local communication system of Guadalajara, a Mexican city\u2026","rel":"","context":"Similar post","block_context":{"text":"Similar post","link":""},"img":{"alt_text":"","src":"","width":0,"height":0},"classes":[]},{"id":1464,"url":"https:\/\/www.juan-larrosa.com\/cv\/","url_meta":{"origin":91,"position":5},"title":"CV","author":"Juan S. Larrosa-Fuentes","date":"31 May, 2019","format":false,"excerpt":"Director del Departamento de Estudios Socioculturales (DESO), ITESO \u00b7 Acad\u00e9mico en comunicaci\u00f3n pol\u00edtica y cultura p\u00fablica \u00b7 larrosa arroba iteso.mx \u00b7 juan-larrosa.com Descargar CV completo (PDF) Educaci\u00f3n Ph.D. en Medios y Comunicaci\u00f3n, Temple University, Filadelfia, EUA (2013\u20132017). Maestr\u00eda en Comunicaci\u00f3n, Universidad de Guadalajara, M\u00e9xico (2010\u20132012). Licenciatura en Ciencias de la\u2026","rel":"","context":"Similar post","block_context":{"text":"Similar post","link":""},"img":{"alt_text":"","src":"","width":0,"height":0},"classes":[]}],"jetpack_shortlink":"https:\/\/wp.me\/P4Hsnc-1t","jetpack_likes_enabled":false,"_links":{"self":[{"href":"https:\/\/www.juan-larrosa.com\/en\/wp-json\/wp\/v2\/pages\/91","targetHints":{"allow":["GET"]}}],"collection":[{"href":"https:\/\/www.juan-larrosa.com\/en\/wp-json\/wp\/v2\/pages"}],"about":[{"href":"https:\/\/www.juan-larrosa.com\/en\/wp-json\/wp\/v2\/types\/page"}],"author":[{"embeddable":true,"href":"https:\/\/www.juan-larrosa.com\/en\/wp-json\/wp\/v2\/users\/1"}],"replies":[{"embeddable":true,"href":"https:\/\/www.juan-larrosa.com\/en\/wp-json\/wp\/v2\/comments?post=91"}],"version-history":[{"count":6,"href":"https:\/\/www.juan-larrosa.com\/en\/wp-json\/wp\/v2\/pages\/91\/revisions"}],"predecessor-version":[{"id":2178,"href":"https:\/\/www.juan-larrosa.com\/en\/wp-json\/wp\/v2\/pages\/91\/revisions\/2178"}],"wp:attachment":[{"href":"https:\/\/www.juan-larrosa.com\/en\/wp-json\/wp\/v2\/media?parent=91"}],"curies":[{"name":"wp","href":"https:\/\/api.w.org\/{rel}","templated":true}]}}