{"id":88,"date":"2014-07-07T23:23:03","date_gmt":"2014-07-08T03:23:03","guid":{"rendered":"http:\/\/www.juan-larrosa.com\/?page_id=88"},"modified":"2023-02-01T18:42:16","modified_gmt":"2023-02-02T00:42:16","slug":"guadalajara-media-system","status":"publish","type":"page","link":"https:\/\/www.juan-larrosa.com\/en\/guadalajara-media-system\/","title":{"rendered":"Guadalajara&#8217;s Media System"},"content":{"rendered":"<p>As a researcher, I have the interest in the theoretical development of the communication systems concept as an outcome of empirical observations. It is tough\u2014or maybe impossible\u2014to observe all the communication systems of the world. Therefore, I decided to focus on the local communication system of Guadalajara, a Mexican city with almost five million inhabitants and where I have resided most of my life. Through this research, I seek to demonstrate the pertinence of selecting a local object of study that can establish an academic dialogue with other levels, such as national or global communication systems.<\/p>\n<p>The observations on the history, structure, and operation of Guadalajara\u2019s communication system embodies the construction of a map that is always changing and, as the time passes, this chart tends to be more complicated. Although the majority of the articles on this page were written for journalistic publications, I have been working towards academic research that allows me to achieve the theorization state of the media systems concept.<\/p>\n<h3><strong>Communication System Structure<\/strong><\/h3>\n<div class=\"csl-bib-body\">\n<p>Mu\u00f1oz, A., Gomez Garc\u00eda, R., &amp; Larrosa-Fuentes, J. S. (2022). <a href=\"https:\/\/wp.me\/a4Hsnc-vQ\" target=\"_blank\" rel=\"noopener\"><i>Government, Politics and Regulation<\/i><\/a> (p. 47). Democracy Institute\u2019s Center for Media, Data and Society; OBSERVACOM; Universidad de Santiago de Compostela. <a href=\"https:\/\/cmds.ceu.edu\/gobierno-politica-y-regulacion-0\">https:\/\/cmds.ceu.edu\/gobierno-politica-y-regulacion-0<\/a><\/p>\n<p>Larrosa-Fuentes, J. S. (2018).\u00a0<a href=\"http:\/\/www.juan-larrosa.com\/wp-content\/uploads\/2018\/09\/2018.Larrosa.Analyzing-Spatialization-in-Newspapers%E2%80%99-Production.Final_.pdf\">Analyzing Spatialization in Newspapers\u2019 Production: A Case Study of Guadalajara\u2019s Daily Press<\/a>. International Journal of Communication, 12, 3473\u20133489. Retrieved from <a href=\"http:\/\/ijoc.org\/index.php\/ijoc\/article\/view\/7836\">http:\/\/ijoc.org\/index.php\/ijoc\/article\/view\/7836<\/a><\/p>\n<p>Larrosa-Fuentes, J. S. (2016).\u00a0<a href=\"http:\/\/www.juan-larrosa.com\/wp-content\/uploads\/2016\/05\/Larrosa.Comunicaci%C3%B3n-y-poder-a-lo-largo-de-tres-administraciones-del-PAN.pdf\">Three Conjunctures that Modified the Newspapers and Television Ownership and Control Curing Panistas Governments in Jalisco<\/a>. (Spanish) In J. S. Larrosa-Fuentes &amp; J. E. Rocha Quintero (Eds.),\u00a0<em>18 Years of Panista\u2019s Governments in Jalisco: Seven Academic Essays (Spanish)<\/em>(pp. 91\u2013102). Tlaquepaque: ITESO.<\/p>\n<p>Larrosa-Fuentes, J. S. (2015,\u00a0Marzo\u00a029).\u00a0<a href=\"http:\/\/colibrirevista.com\/2015\/03\/29\/periodismo-en-crisis-o-los-riesgos-de-llegar-a-votar-sin-informacion-de-calidad\/\">Journalism in Crisis and the Risks of Voting without Information<\/a>. (Spanish).\u00a0<em>Revista Colibr\u00ed<\/em>.<\/p>\n<p>Larrosa-Fuentes, J. S. (2013).\u00a0<a href=\"http:\/\/issuu.com\/lajornadajalisco\/docs\/cla-062013?e=8100103%2F3795196\">About the Gaps in the Legislation of the Mexican Press: Relations between Media and Power<\/a>. (Spanish)<em>La Jornada Jalisco<\/em>, p. 5. Guadalajara.<\/p>\n<p>Larrosa-Fuentes, J. S. (2012).\u00a0<em>History, structure, production, and financing of Guadalajara\u2019s newspapers: 1990-2012<\/em>. (Spanish) University of Guadalajara, Guadalajara.<\/p>\n<p>Larrosa-Fuentes, J. S. (2012).\u00a0<a href=\"https:\/\/www.academia.edu\/2025399\/Dispersal_and_Decentralization_of_a_Local_Communication_Network_A_Proposal_to_Strengthen_the_Development_of_Public_Opinion_in_Mexico_2012_\">Dispersal and Decentralization of a Local Communication Network: A Proposal to Strengthen the Development of Public Opinion in Mexico<\/a>. In M. de los A. Mascott S\u00e1nchez &amp; G. Meixueiro N\u00e1jera,\u00a0<em>National Award for Social Research and Public Opinion 2011<\/em>(pp. 291\u2013314). M\u00e9xico: Center for Social Studies and Public Opinion.<\/p>\n<\/div>\n<h3><strong>Labor within the Communication System<\/strong><\/h3>\n<p>Larrosa-Fuentes, J. S. (2013). S. O. S. <a href=\"http:\/\/autorreferencial.wordpress.com\/2013\/05\/09\/s-o-s-periodistas-en-vias-de-extincion\/\">Journalists in Danger of Extinction<\/a>. (Spanish) <em>Auto-Referential System<\/em>.<\/p>\n<p>Larrosa-Fuentes, J. S. (2010). <a href=\"http:\/\/autorreferencial.wordpress.com\/2010\/04\/17\/las-condiciones-laborales-de-los-periodistas-en-jalisco\/\">Labor cond<\/a>itions of Jalisco\u2019s Journalists. (Spanish) <em>Auto-Referential System<\/em>.<\/p>\n<h3><strong>Newspapers<\/strong><\/h3>\n<div class=\"csl-bib-body\">\n<p class=\"csl-entry\">Larrosa-Fuentes, J. S. (2018). Journalistic Narratives and Collective Memory of an Urban Catastrophe: The Case of the April 22 Explosions in Guadalajara\u2019s Newspapers. <i>Comunicaci\u00f3n y Sociedad<\/i>, <i>0<\/i>(31). Retrieved from <a href=\"http:\/\/www.comunicacionysociedad.cucsh.udg.mx\/index.php\/comsoc\/article\/view\/6872\">http:\/\/www.comunicacionysociedad.cucsh.udg.mx\/index.php\/comsoc\/article\/view\/6872<\/a><\/p>\n<\/div>\n<p>Larrosa-Fuentes, J. S. (2014).\u00a0<a title=\"Structure of Guadalajara's Newspapers Industry\" href=\"http:\/\/www.juan-larrosa.com\/wp-content\/uploads\/2014\/12\/Larrosa.Estructura-de-la-prensa-generalista-en-Guadalajara-1990-2010.Final_.pdf\">The Structure of Guadalajara\u2019s Newspapers Industry (1990-2010) (Spanish)<\/a>. In F. Aceves Gonz\u00e1lez &amp; F. Hern\u00e1ndez (Eds.),\u00a0<i>Emerging approaches to the study of communication<\/i>\u00a0(pp. 41\u201370). Guadalajara: Universidad de Guadalajara.<\/p>\n<p>Acosta Garcia, R., Larrosa-Fuentes, J. S., &amp; Pal\u00e1u Cardona, S. (2014).\u00a0<a href=\"http:\/\/www.comunicacionysociedad.cucsh.udg.mx\/sites\/default\/files\/a5_37.pdf\">Public Decisions without Public Dialogue: Case Study of the Via Express in Guadalajara\u2019s Newspapers<\/a>. (Spanish)\u00a0<em>Comunicaci\u00f3n y Sociedad<\/em>, (21), 139\u2013159.<\/p>\n<p>Larrosa-Fuentes, J. S. (2014). <a href=\"http:\/\/autorreferencial.wordpress.com\/2014\/01\/19\/la-cronica-de-hoy-jalisco-periodismo-local-de-capital-foraneo\/\">La Cr\u00f3nica de Hoy Jalisco, Local Journalism, Foreign Capital<\/a>. (Spanish) <em>Auto-Referential System.<\/em><\/p>\n<p>Larrosa-Fuentes, J. S. (2013). <a href=\"http:\/\/autorreferencial.wordpress.com\/2013\/04\/22\/los-ataques-a-mural-y-a-la-libertad-de-expresion\/\">Attacks on a Local Newspaper and the Freedom of Speech<\/a>. (Spanish) <em>Auto-Referential System<\/em>.<\/p>\n<p>Larrosa-Fuentes, J. S. (2013). <a href=\"http:\/\/autorreferencial.wordpress.com\/2013\/11\/25\/quince-anos-de-mural-en-guadalajara\/\">15 Years of Mural in Guadalajara<\/a>. (Spanish) <em>Auto-Referential System<\/em>.<\/p>\n<p>Larrosa-Fuentes, J. S. (2011). <a href=\"http:\/\/autorreferencial.wordpress.com\/2011\/09\/12\/ocho-columnas\/\">Ocho Columnas<\/a>. (Spanish) <em>Auto-Referential System<\/em>.<\/p>\n<p>Larrosa-Fuentes, J. S. (2010). <a href=\"http:\/\/autorreferencial.wordpress.com\/2010\/11\/29\/\u00bfquien-da-la-cara-por-los-suplementos-culturales-un-debate-entre-productores-y-consumidores\/\">Who Stands for the Newspapers\u2019 Cultural Sections? A Debate Between Producers and Consumers<\/a>. (Spanish) <em>Auto-Referential System<\/em>.<\/p>\n<p>Larrosa-Fuentes, J. S. (2010). <a href=\"http:\/\/autorreferencial.wordpress.com\/2010\/04\/17\/de-malas-practicas-periodisticas-etica-y-criminalizacion-de-la-protesta-social\/\">Wrong Journalistic Practices, Ethics, and Criminalization of Social Demonstrations<\/a>. (Spanish) <em>Auto-Referential System<\/em>.<\/p>\n<p>Larrosa-Fuentes, J. S. (2010). <a href=\"http:\/\/autorreferencial.wordpress.com\/2010\/08\/02\/los-articulos-de-opinion-en-la-prensa-de-guadalajara\/\">Opinion Pages in Guadalajara\u2019s Newspapers<\/a>. (Spanish) <em>Auto-Referential System<\/em>.<\/p>\n<p>Larrosa-Fuentes, J. S. (2010). <a href=\"http:\/\/autorreferencial.wordpress.com\/2010\/05\/10\/el-impacto-de-la-economia-en-la-calidad-de-los-periodicos-de-guadalajara\/\">Newspapers\u2019 Economic Crisis and Quality of the News<\/a>. (Spanish) <em>Auto-Referential System<\/em>.<\/p>\n<p>Larrosa-Fuentes, J. S. (2007).\u00a0<a href=\"https:\/\/www.academia.edu\/7744659\/Proceso_de_eleccion_del_ombudsman_jalisciense._Cronica_de_los_hechos_y_analisis_de_actores_e_instituciones_2007_\">Election Process of Jalisco\u2019s Ombudsman. Chronicle of Events and Analysis of Actors and Institutions<\/a>. (Spanish) In\u00a0<em>Evaluation of the Election Process of Jalisco\u2019s Ombudsman, 2007<\/em>\u00a0(pp. 170\u2013183). Guadalajara: CEPAD.<\/p>\n<h3><strong>Radio<\/strong><\/h3>\n<p>Larrosa-Fuentes, J. S. (2011). <a href=\"http:\/\/autorreferencial.wordpress.com\/2011\/07\/18\/industrias-culturales-y-ninos-diez-anos-de-una-%e2%80%9cdimension-colorida%e2%80%9d\/\">Cultural Industries and Children. 10 Years of the Radio Show \u201cColorful Dimension.\u201d<\/a> (Spanish) <em>Auto-Referential System<\/em>.<\/p>\n<p>Larrosa-Fuentes, J. S. (2011). <a href=\"http:\/\/autorreferencial.wordpress.com\/2011\/03\/01\/el-medio-subutilizado-la-radio-tapatia\/\">The Radio, The Underutilized Media in Guadalajara<\/a> (Spanish) <em>Auto-Referential System<\/em>.<\/p>\n<h3><strong>Television<\/strong><\/h3>\n<p>Larrosa-Fuentes, J. S. (2014). <a href=\"http:\/\/autorreferencial.wordpress.com\/2014\/06\/09\/tierra-ignota-el-consumo-televisivo-de-los-jaliscienses\/\">Unknown Earth: The Jalisco\u2019s TV Consumption<\/a>. (Spanish) <em>Auto-Referential System<\/em>.<\/p>\n<p>Larrosa-Fuentes, J. S. (2010). <a href=\"http:\/\/autorreferencial.wordpress.com\/2010\/11\/01\/una-oportunidad-para-equilibrar-el-sistema-de-television-de-guadalajara\/\">An Opportunity to Balance Guadalajara\u2019s Television System<\/a>.<\/p>\n<p>(Spanish) <em>Auto-Referential System<\/em>.<\/p>\n<h3><strong>Public Media (Radio and Television)<\/strong><\/h3>\n<p>Larrosa-Fuentes, J. S. (2014). <a href=\"https:\/\/autorreferencial.wordpress.com\/2014\/11\/23\/c7-pluralidad-y-desprecio-por-la-audiencia\/\">C7 or the disdain for the audience<\/a>. <em>Sistema Autorreferencial.<\/em><\/p>\n<p>Larrosa-Fuentes, J. S. (2013). <a href=\"http:\/\/autorreferencial.wordpress.com\/2013\/10\/07\/los-cambios-que-se-avecinan-en-el-sjrtv-gatopardismo-o-la-construccion-de-un-sistema-publico-de-comunicacion\/\">Changes in Guadalajara\u2019s Public Media<\/a>. (Spanish) <em>Auto-Referential System<\/em>.<\/p>\n<p>Larrosa-Fuentes, J. S. (2013). <a href=\"http:\/\/autorreferencial.wordpress.com\/2013\/06\/10\/c7-o-los-compromisos-incumplidos\/\">C7 (Public Television Channel) or the Unfulfilled Commitments<\/a>. (Spanish) <em>Auto-Referential System<\/em>.<\/p>\n<p>Larrosa-Fuentes, J. S. (2012). <a href=\"http:\/\/autorreferencial.wordpress.com\/2013\/01\/14\/la-disputa-por-los-medios-publicos-de-jalisco-entre-el-control-politico-y-la-ciudadanizacion\/\">The Struggle for Jalisco\u2019s Public Media: Between the Political Control and the Citizen Control<\/a>. (Spanish) <em>Auto-Referential System<\/em>.<\/p>\n<h3><strong>Film<\/strong><\/h3>\n<p>Larrosa-Fuentes, J. S. (2013). <a href=\"http:\/\/autorreferencial.wordpress.com\/2012\/03\/05\/el-festival-internacional-de-cine-de-guadalajara-y-las-industrias-culturales\/\">The Guadalajara\u2019s International Film Festival and the Cultural Industries<\/a>. (Spanish) <em>Auto-Referential System<\/em>.<\/p>\n","protected":false},"excerpt":{"rendered":"<p class=\"excerpt\">As a researcher, I have the interest in the theoretical development of the communication systems concept as an outcome of empirical observations. It is tough\u2014or maybe impossible\u2014to observe all the communication systems of the world. Therefore, I decided to focus on the local communication system of Guadalajara, a Mexican city with almost five million inhabitants and where I have resided&hellip; <a href=\"https:\/\/www.juan-larrosa.com\/en\/guadalajara-media-system\/\">Read more &rarr;<\/a><\/p>\n","protected":false},"author":1,"featured_media":0,"parent":0,"menu_order":0,"comment_status":"closed","ping_status":"closed","template":"","meta":{"nf_dc_page":"","advanced_seo_description":"","jetpack_seo_html_title":"","jetpack_seo_noindex":false,"footnotes":""},"class_list":["post-88","page","type-page","status-publish","hentry","xfolkentry"],"jetpack_sharing_enabled":true,"jetpack-related-posts":[{"id":100,"url":"https:\/\/www.juan-larrosa.com\/en\/political-communication\/","url_meta":{"origin":88,"position":0},"title":"Political Communication &#038; Elections","author":"Juan S. Larrosa-Fuentes","date":"7 July, 2014","format":false,"excerpt":"Since 2006, I have participated in multiple research projects to understand how communication\u2014across its levels and dimensions\u2014structures politics during electoral processes. I have coordinated and taken part in research on Mexico\u2019s federal and local elections in 2006, 2012, 2015, 2018, 2021, and 2024. I also conducted an ethnography of the\u2026","rel":"","context":"Similar post","block_context":{"text":"Similar post","link":""},"img":{"alt_text":"","src":"","width":0,"height":0},"classes":[]},{"id":91,"url":"https:\/\/www.juan-larrosa.com\/en\/journalism\/","url_meta":{"origin":88,"position":1},"title":"Journalism and the Press","author":"Juan S. Larrosa-Fuentes","date":"7 July, 2014","format":false,"excerpt":"The press is a fundamental institution for the political development of contemporary societies, especially those that have democratic aspirations. Journalism is one of the practices that give life to this institution. An essential part of my work as an academic has been the study of journalism and the media in\u2026","rel":"","context":"Similar post","block_context":{"text":"Similar post","link":""},"img":{"alt_text":"","src":"","width":0,"height":0},"classes":[]},{"id":297,"url":"https:\/\/www.juan-larrosa.com\/en\/books\/","url_meta":{"origin":88,"position":2},"title":"Books","author":"Juan S. Larrosa-Fuentes","date":"20 September, 2014","format":false,"excerpt":"Journalism in Mexico. Politics, Money, and Technology This book analyzes the media landscape in Mexico, examining the intersections of politics, economics, and technology. The study explores the regulatory framework for media and telecommunications, highlighting the impact of the 2013 constitutional reform and the creation of the IFT. Despite advances, media\u2026","rel":"","context":"Similar post","block_context":{"text":"Similar post","link":""},"img":{"alt_text":"","src":"https:\/\/i0.wp.com\/www.juan-larrosa.com\/wp-content\/uploads\/2025\/03\/Mexico-MIM-FULL-FINAL_Pagina_001-212x300.jpg?resize=350%2C200&ssl=1","width":350,"height":200},"classes":[]},{"id":85,"url":"https:\/\/www.juan-larrosa.com\/en\/media-observatories\/","url_meta":{"origin":88,"position":3},"title":"Media Observatories","author":"Juan S. Larrosa-Fuentes","date":"7 July, 2014","format":false,"excerpt":"Media observatories, or media-watch, are think tanks where professors, scholars, journalists, and citizens observe the performance of the press as a democratic institution. Media observatories are exciting initiatives to study contemporary communication processes. From 2007 to 2013, I was the coordinator of Quid ITESO: Critical Analysis of Media, a media\u2026","rel":"","context":"Similar post","block_context":{"text":"Similar post","link":""},"img":{"alt_text":"","src":"","width":0,"height":0},"classes":[]},{"id":877,"url":"https:\/\/www.juan-larrosa.com\/en\/teaching\/","url_meta":{"origin":88,"position":4},"title":"Teaching","author":"Juan S. Larrosa-Fuentes","date":"24 February, 2017","format":false,"excerpt":"I have taught at doctoral, master\u2019s, undergraduate, and high school levels. Since 2002, I have worked at institutions such as ITESO University (tenured full professor), the University of Guadalajara, and Temple University (Philadelphia, PA). I am a bilingual professor with experience in both face-to-face and online teaching. My expertise focuses\u2026","rel":"","context":"Similar post","block_context":{"text":"Similar post","link":""},"img":{"alt_text":"Schuylkill River","src":"https:\/\/i0.wp.com\/www.juan-larrosa.com\/wp-content\/uploads\/2014\/06\/IMG_0041.jpg?fit=1200%2C896&ssl=1&resize=350%2C200","width":350,"height":200,"srcset":"https:\/\/i0.wp.com\/www.juan-larrosa.com\/wp-content\/uploads\/2014\/06\/IMG_0041.jpg?fit=1200%2C896&ssl=1&resize=350%2C200 1x, https:\/\/i0.wp.com\/www.juan-larrosa.com\/wp-content\/uploads\/2014\/06\/IMG_0041.jpg?fit=1200%2C896&ssl=1&resize=525%2C300 1.5x, https:\/\/i0.wp.com\/www.juan-larrosa.com\/wp-content\/uploads\/2014\/06\/IMG_0041.jpg?fit=1200%2C896&ssl=1&resize=700%2C400 2x, https:\/\/i0.wp.com\/www.juan-larrosa.com\/wp-content\/uploads\/2014\/06\/IMG_0041.jpg?fit=1200%2C896&ssl=1&resize=1050%2C600 3x"},"classes":[]},{"id":2150,"url":"https:\/\/www.juan-larrosa.com\/en\/public-communication-covid-19\/","url_meta":{"origin":88,"position":5},"title":"Public Communication &#038; Covid-19","author":"Juan S. Larrosa-Fuentes","date":"26 October, 2022","format":false,"excerpt":"This project examines the public communication strategy of the Mexican Federal Government during the COVID-19 pandemic, focusing on press conferences as devices to inform, organize, and influence the public. This page compiles the academic outputs resulting from the research conducted between 2020 and 2025. \ud83c\udfaf Research Objective General objective: Analyze\u2026","rel":"","context":"Similar post","block_context":{"text":"Similar post","link":""},"img":{"alt_text":"Book cover: Comunicaci\u00f3n p\u00fablica y pol\u00edtica en tiempos del covid-19","src":"https:\/\/i0.wp.com\/www.juan-larrosa.com\/wp-content\/uploads\/2025\/10\/Comunicacion-publica-y-politica-en-tiempos-de-covid-19_Pagina_001-218x300.jpg?resize=350%2C200&ssl=1","width":350,"height":200},"classes":[]}],"jetpack_shortlink":"https:\/\/wp.me\/P4Hsnc-1q","jetpack_likes_enabled":true,"_links":{"self":[{"href":"https:\/\/www.juan-larrosa.com\/en\/wp-json\/wp\/v2\/pages\/88","targetHints":{"allow":["GET"]}}],"collection":[{"href":"https:\/\/www.juan-larrosa.com\/en\/wp-json\/wp\/v2\/pages"}],"about":[{"href":"https:\/\/www.juan-larrosa.com\/en\/wp-json\/wp\/v2\/types\/page"}],"author":[{"embeddable":true,"href":"https:\/\/www.juan-larrosa.com\/en\/wp-json\/wp\/v2\/users\/1"}],"replies":[{"embeddable":true,"href":"https:\/\/www.juan-larrosa.com\/en\/wp-json\/wp\/v2\/comments?post=88"}],"version-history":[{"count":5,"href":"https:\/\/www.juan-larrosa.com\/en\/wp-json\/wp\/v2\/pages\/88\/revisions"}],"predecessor-version":[{"id":1977,"href":"https:\/\/www.juan-larrosa.com\/en\/wp-json\/wp\/v2\/pages\/88\/revisions\/1977"}],"wp:attachment":[{"href":"https:\/\/www.juan-larrosa.com\/en\/wp-json\/wp\/v2\/media?parent=88"}],"curies":[{"name":"wp","href":"https:\/\/api.w.org\/{rel}","templated":true}]}}