{"id":877,"date":"2017-02-24T12:47:53","date_gmt":"2017-02-24T18:47:53","guid":{"rendered":"http:\/\/www.juan-larrosa.com\/?page_id=877\/"},"modified":"2025-09-12T23:01:54","modified_gmt":"2025-09-13T05:01:54","slug":"teaching","status":"publish","type":"page","link":"https:\/\/www.juan-larrosa.com\/en\/teaching\/","title":{"rendered":"Teaching"},"content":{"rendered":"<p>I have taught at doctoral, master\u2019s, undergraduate, and high school levels. Since 2002, I have worked at institutions such as <a href=\"https:\/\/www.iteso.mx\/\" target=\"_blank\" rel=\"noopener\">ITESO University<\/a> (tenured full professor), the <a href=\"https:\/\/www.udg.mx\/\" target=\"_blank\" rel=\"noopener\">University of Guadalajara<\/a>, and <a href=\"https:\/\/www.temple.edu\/\" target=\"_blank\" rel=\"noopener\">Temple University<\/a> (Philadelphia, PA). I am a bilingual professor with experience in both face-to-face and online teaching. My expertise focuses on communication, journalism, and media studies.<\/p>\n<hr \/>\n<h2>Current Courses<\/h2>\n<ul>\n<li><strong>Current Debates on Communication and Culture<\/strong> (2025).<br \/>\nITESO, <a href=\"https:\/\/posgrados.iteso.mx\/en\/maestria-comunicacion-cultura\" target=\"_blank\" rel=\"noopener\">Master\u2019s in Communication and Culture<\/a>. Mexico.<\/li>\n<li><strong>Public Communication<\/strong> (2021\u20132023, 2025).<br \/>\nITESO, <a href=\"https:\/\/carreras.iteso.mx\/en\/periodismo-comunicacion-publica\" target=\"_blank\" rel=\"noopener\">Journalism and Public Communication Major<\/a>. Mexico.<\/li>\n<\/ul>\n<hr \/>\n<h2>PhD<\/h2>\n<ul>\n<li><strong>Research Seminar I\u2013VIII<\/strong> (2019\u20132021).<br \/>\nITESO, <a href=\"https:\/\/posgrados.iteso.mx\/en\/doctorado-estudios-cientifico-sociales\" target=\"_blank\" rel=\"noopener\">PhD in Social Scientific Studies<\/a>. Mexico.<\/li>\n<li><strong>The Structuration of the Communication\/Culture Academic Field<\/strong> (2019\u20132021).<br \/>\nITESO, PhD in Social Scientific Studies. Mexico.<\/li>\n<\/ul>\n<h2>Master\u2019s<\/h2>\n<ul>\n<li><strong>Research Project I<\/strong> (2020\u20132022).<br \/>\nITESO, <a href=\"https:\/\/posgrados.iteso.mx\/maestria-comunicacion-ciencia-cultura\" target=\"_blank\" rel=\"noopener\">Master\u2019s in Communication, Science, and Culture<\/a>. Mexico.<\/li>\n<li><strong>Political Communication<\/strong> (2013, 2020, 2021).<br \/>\nITESO, Master\u2019s in Politics and Government. Mexico.<\/li>\n<li><strong>Journalistic Investigation Process<\/strong> (2019).<br \/>\nUniversity of Guadalajara, Master\u2019s in Digital Journalism (online). Mexico.<\/li>\n<li><strong>Communication, Internet, and Social Media<\/strong> (2018).<br \/>\nIberoamerican University, Master\u2019s in Communication. Mexico.<br \/>\n<a href=\"https:\/\/www.juan-larrosa.com\/wp-content\/uploads\/2018\/06\/Comunicaci\u00f3n-internet-y-redes-sociales.Gu\u00eda-de-aprendizaje.pdf\" target=\"_blank\" rel=\"noopener\">Learning guide (PDF)<\/a>.<\/li>\n<li><strong>Business Plan for Digital Media<\/strong> (2013\u20132018).<br \/>\nUniversity of Guadalajara, Master\u2019s in Digital Journalism. Mexico.<\/li>\n<\/ul>\n<h2>Undergraduate<\/h2>\n<ul>\n<li><strong>Information Lab: Media Consumption for Journalists<\/strong> (2020).<br \/>\nITESO, Journalism and Public Communication Major. Mexico.<\/li>\n<li><strong>Theories of Journalism<\/strong> (2019\u20132020).<br \/>\nITESO, Journalism and Public Communication Major. Mexico.<\/li>\n<li><strong>Workshop: Writing about Journalistic Trajectories<\/strong> (2017\u20132018).<br \/>\nUniversity of Guadalajara, Digital Journalism Major. Mexico.<\/li>\n<li><strong>Analysis of the Organizational and Administrative Functions of Media Institutions<\/strong> (2017).<br \/>\nUniversity of Guadalajara, Digital Journalism Major. Mexico.<\/li>\n<li><strong>Communication &amp; Culture Research Methods<\/strong> (2012\u20132013).<br \/>\nITESO, Communication Sciences Major. Mexico.<\/li>\n<li><strong>Media Institutions &amp; Society<\/strong> (2013).<br \/>\nITESO, Philosophy Major. Mexico.<\/li>\n<li><strong>Jalisco\u2019s Media Institutions<\/strong> (2010\u20132013).<br \/>\nUniversity of Guadalajara, Public Communication Major. Mexico.<\/li>\n<li><strong>Journalism<\/strong> (2010\u20132013).<br \/>\nUniversity of Guadalajara, Public Communication Major. Mexico.<\/li>\n<li><strong>Ethnography<\/strong> (2010\u20132013).<br \/>\nITESO, Psychology Major. Mexico.<\/li>\n<li><strong>Media Institutions Observatory I &amp; II<\/strong> (2006\u20132011).<br \/>\nITESO, Communication Sciences Major. Mexico.<\/li>\n<li><strong>Public Campaigns &amp; Social Change<\/strong> (2010).<br \/>\nITESO, Communication Sciences Major. Mexico.<\/li>\n<li><strong>Qualitative Research Methods<\/strong> (2009).<br \/>\nITESO, Psychology Major. Mexico.<\/li>\n<li><strong>History &amp; Structure of Media Systems<\/strong> (2005\u20132007).<br \/>\nITESO, Communication Sciences Major. Mexico.<\/li>\n<li><strong>New Routes for Communication Studies<\/strong> (2005\u20132006).<br \/>\nITESO, Communication Sciences Major. Mexico.<\/li>\n<li><strong>Information Processes<\/strong> (2005).<br \/>\nITESO, Communication Sciences Major. Mexico.<\/li>\n<li><strong>Introduction to Communication Studies<\/strong> (2004\u20132005).<br \/>\nITESO, Communication Sciences Major. Mexico.<\/li>\n<li><strong>Communication Theory II<\/strong> (2004).<br \/>\nITESO, Communication Sciences Major. Mexico.<\/li>\n<li><strong>Education and Peace<\/strong> (2004).<br \/>\nITESO, Pedagogy Major. Mexico.<\/li>\n<\/ul>\n<h2>International Experience (Temple University)<\/h2>\n<ul>\n<li><strong>Latin American Media<\/strong> (2018). Temple University, Media Studies and Production. United States.<\/li>\n<li><strong>Public Speaking<\/strong> (2016\u20132018). Temple University, Strategic Communication. United States.<\/li>\n<li><strong>Introduction to Internet Studies &amp; Web Authoring<\/strong> (2016\u20132018). Temple University, Media Studies and Production. United States.<\/li>\n<\/ul>\n<h2>High School<\/h2>\n<ul>\n<li><strong>Communication<\/strong> (2002). Colegio An\u00e1huac Revoluci\u00f3n. High School. Mexico.<\/li>\n<\/ul>\n<hr \/>\n<p><em>Note:<\/em> Program names are listed with their current official titles at each institution.<\/p>\n","protected":false},"excerpt":{"rendered":"<p class=\"excerpt\">I have taught at doctoral, master\u2019s, undergraduate, and high school levels. Since 2002, I have worked at institutions such as ITESO University (tenured full professor), the University of Guadalajara, and Temple University (Philadelphia, PA). I am a bilingual professor with experience in both face-to-face and online teaching. My expertise focuses on communication, journalism, and media studies. Current Courses Current Debates&hellip; <a href=\"https:\/\/www.juan-larrosa.com\/en\/teaching\/\">Read more &rarr;<\/a><\/p>\n","protected":false},"author":1,"featured_media":4,"parent":0,"menu_order":0,"comment_status":"closed","ping_status":"closed","template":"","meta":{"nf_dc_page":"","advanced_seo_description":"","jetpack_seo_html_title":"","jetpack_seo_noindex":false,"footnotes":""},"class_list":["post-877","page","type-page","status-publish","has-post-thumbnail","hentry","xfolkentry"],"jetpack_sharing_enabled":false,"jetpack-related-posts":[{"id":31,"url":"https:\/\/www.juan-larrosa.com\/en\/","url_meta":{"origin":877,"position":0},"title":"Juan S. Larrosa-Fuentes, PhD","author":"Juan S. Larrosa-Fuentes","date":"13 June, 2014","format":false,"excerpt":"He is the director of the Department of Sociocultural Studies at ITESO University and a professor at the School of Journalism and Public Communication. He has published in journals such as the International Journal of Communication, Tripodos, Comunicaci\u00f3n y\u00a0Sociedad, Media, War & Conflict, Virtualis, Latin American Research Review, and Mobilities.\u2026","rel":"","context":"Similar post","block_context":{"text":"Similar post","link":""},"img":{"alt_text":"","src":"https:\/\/i0.wp.com\/www.juan-larrosa.com\/wp-content\/uploads\/2014\/06\/Philly.Fall_.2013.02.jpg?fit=1200%2C1200&ssl=1&resize=350%2C200","width":350,"height":200,"srcset":"https:\/\/i0.wp.com\/www.juan-larrosa.com\/wp-content\/uploads\/2014\/06\/Philly.Fall_.2013.02.jpg?fit=1200%2C1200&ssl=1&resize=350%2C200 1x, https:\/\/i0.wp.com\/www.juan-larrosa.com\/wp-content\/uploads\/2014\/06\/Philly.Fall_.2013.02.jpg?fit=1200%2C1200&ssl=1&resize=525%2C300 1.5x, https:\/\/i0.wp.com\/www.juan-larrosa.com\/wp-content\/uploads\/2014\/06\/Philly.Fall_.2013.02.jpg?fit=1200%2C1200&ssl=1&resize=700%2C400 2x, https:\/\/i0.wp.com\/www.juan-larrosa.com\/wp-content\/uploads\/2014\/06\/Philly.Fall_.2013.02.jpg?fit=1200%2C1200&ssl=1&resize=1050%2C600 3x"},"classes":[]},{"id":1464,"url":"https:\/\/www.juan-larrosa.com\/cv\/","url_meta":{"origin":877,"position":1},"title":"CV","author":"Juan S. Larrosa-Fuentes","date":"31 May, 2019","format":false,"excerpt":"Director del Departamento de Estudios Socioculturales (DESO), ITESO \u00b7 Acad\u00e9mico en comunicaci\u00f3n pol\u00edtica y cultura p\u00fablica \u00b7 larrosa arroba iteso.mx \u00b7 juan-larrosa.com Descargar CV completo (PDF) Educaci\u00f3n Ph.D. en Medios y Comunicaci\u00f3n, Temple University, Filadelfia, EUA (2013\u20132017). Maestr\u00eda en Comunicaci\u00f3n, Universidad de Guadalajara, M\u00e9xico (2010\u20132012). Licenciatura en Ciencias de la\u2026","rel":"","context":"Similar post","block_context":{"text":"Similar post","link":""},"img":{"alt_text":"","src":"","width":0,"height":0},"classes":[]},{"id":91,"url":"https:\/\/www.juan-larrosa.com\/en\/journalism\/","url_meta":{"origin":877,"position":2},"title":"Journalism and the Press","author":"Juan S. Larrosa-Fuentes","date":"7 July, 2014","format":false,"excerpt":"The press is a fundamental institution for the political development of contemporary societies, especially those that have democratic aspirations. Journalism is one of the practices that give life to this institution. An essential part of my work as an academic has been the study of journalism and the media in\u2026","rel":"","context":"Similar post","block_context":{"text":"Similar post","link":""},"img":{"alt_text":"","src":"","width":0,"height":0},"classes":[]},{"id":100,"url":"https:\/\/www.juan-larrosa.com\/en\/political-communication\/","url_meta":{"origin":877,"position":3},"title":"Political Communication &#038; Elections","author":"Juan S. Larrosa-Fuentes","date":"7 July, 2014","format":false,"excerpt":"Since 2006, I have participated in multiple research projects to understand how communication\u2014across its levels and dimensions\u2014structures politics during electoral processes. I have coordinated and taken part in research on Mexico\u2019s federal and local elections in 2006, 2012, 2015, 2018, 2021, and 2024. I also conducted an ethnography of the\u2026","rel":"","context":"Similar post","block_context":{"text":"Similar post","link":""},"img":{"alt_text":"","src":"","width":0,"height":0},"classes":[]},{"id":297,"url":"https:\/\/www.juan-larrosa.com\/en\/books\/","url_meta":{"origin":877,"position":4},"title":"Books","author":"Juan S. Larrosa-Fuentes","date":"20 September, 2014","format":false,"excerpt":"Journalism in Mexico. Politics, Money, and Technology This book analyzes the media landscape in Mexico, examining the intersections of politics, economics, and technology. The study explores the regulatory framework for media and telecommunications, highlighting the impact of the 2013 constitutional reform and the creation of the IFT. Despite advances, media\u2026","rel":"","context":"Similar post","block_context":{"text":"Similar post","link":""},"img":{"alt_text":"","src":"https:\/\/i0.wp.com\/www.juan-larrosa.com\/wp-content\/uploads\/2025\/03\/Mexico-MIM-FULL-FINAL_Pagina_001-212x300.jpg?resize=350%2C200&ssl=1","width":350,"height":200},"classes":[]},{"id":97,"url":"https:\/\/www.juan-larrosa.com\/comunicacion-politica\/","url_meta":{"origin":877,"position":5},"title":"Comunicaci\u00f3n pol\u00edtica y elecciones","author":"Juan S. Larrosa-Fuentes","date":"7 July, 2014","format":false,"excerpt":"Desde 2006 he participado en diversos proyectos de investigaci\u00f3n para entender c\u00f3mo la comunicaci\u00f3n \u2014en todos sus niveles y dimensiones\u2014 estructura la pol\u00edtica durante los procesos electorales. He coordinado y participado en investigaciones sobre las elecciones mexicanas de 2006, 2012, 2015, 2018, 2021 y 2024. Adem\u00e1s, realic\u00e9 una etnograf\u00eda sobre\u2026","rel":"","context":"Similar post","block_context":{"text":"Similar post","link":""},"img":{"alt_text":"","src":"","width":0,"height":0},"classes":[]}],"jetpack_shortlink":"https:\/\/wp.me\/P4Hsnc-e9","jetpack_likes_enabled":false,"_links":{"self":[{"href":"https:\/\/www.juan-larrosa.com\/en\/wp-json\/wp\/v2\/pages\/877","targetHints":{"allow":["GET"]}}],"collection":[{"href":"https:\/\/www.juan-larrosa.com\/en\/wp-json\/wp\/v2\/pages"}],"about":[{"href":"https:\/\/www.juan-larrosa.com\/en\/wp-json\/wp\/v2\/types\/page"}],"author":[{"embeddable":true,"href":"https:\/\/www.juan-larrosa.com\/en\/wp-json\/wp\/v2\/users\/1"}],"replies":[{"embeddable":true,"href":"https:\/\/www.juan-larrosa.com\/en\/wp-json\/wp\/v2\/comments?post=877"}],"version-history":[{"count":6,"href":"https:\/\/www.juan-larrosa.com\/en\/wp-json\/wp\/v2\/pages\/877\/revisions"}],"predecessor-version":[{"id":2603,"href":"https:\/\/www.juan-larrosa.com\/en\/wp-json\/wp\/v2\/pages\/877\/revisions\/2603"}],"wp:featuredmedia":[{"embeddable":true,"href":"https:\/\/www.juan-larrosa.com\/en\/wp-json\/wp\/v2\/media\/4"}],"wp:attachment":[{"href":"https:\/\/www.juan-larrosa.com\/en\/wp-json\/wp\/v2\/media?parent=877"}],"curies":[{"name":"wp","href":"https:\/\/api.w.org\/{rel}","templated":true}]}}