{"id":85,"date":"2014-07-07T23:22:41","date_gmt":"2014-07-08T03:22:41","guid":{"rendered":"http:\/\/www.juan-larrosa.com\/?page_id=85"},"modified":"2020-10-29T16:45:49","modified_gmt":"2020-10-29T22:45:49","slug":"media-observatories","status":"publish","type":"page","link":"https:\/\/www.juan-larrosa.com\/en\/media-observatories\/","title":{"rendered":"Media Observatories"},"content":{"rendered":"<p>Media observatories, or media-watch, are think tanks where professors, scholars, journalists, and citizens observe the performance of the press as a democratic institution. Media observatories are exciting initiatives to study contemporary communication processes. From 2007 to 2013, I was the coordinator of Quid ITESO: Critical Analysis of Media, a media observatory of the ITESO\u2019s Department of Sociocultural Studies. This page contains the articles that I have written about this topic.<\/p>\n<p>&nbsp;<\/p>\n<p>Larrosa-Fuentes, Juan S. \u201c<a href=\"https:\/\/wp.me\/a4Hsnc-sR\" target=\"_blank\" rel=\"noopener noreferrer\">Jalisco\u2019s Media Observatories<\/a>\u201d. En <i>Report on the Media and Right to Information in Jalisco, 2018<\/i>, editado por Graciela Bernal Loaiza, 15\u201343. Guadalajara, Mexico: ITESO, 2000.<\/p>\n<p>&nbsp;<\/p>\n<p>Larrosa-Fuentes, J. S. (2017, May 1). <a href=\"http:\/\/www.juan-larrosa.com\/wp-content\/uploads\/2017\/04\/Larrosa.Una-agenda-para-los-observatorios-de-medios-en-M\u00e9xico.pdf\">A Research-Agenda to Observe Mexican Media Systems (Spanish)<\/a>. <em>Revista Z\u00f3calo<\/em>, (207), 9\u201311.<\/p>\n<p>&nbsp;<\/p>\n<p>Pal\u00e1u Cardona, S., &amp; Larrosa-Fuentes, J. S. (2014). <em><a href=\"http:\/\/www.juan-larrosa.com\/wp-content\/uploads\/2017\/11\/Larrosa.Pala%C3%BA.Manual-para-la-observaci%C3%B3n-de-medios.Final_.pdf\" target=\"_blank\" rel=\"noopener noreferrer\">Manual for Media Observation<\/a> (Spanish)<\/em>. Guadalajara: ITESO.<\/p>\n<p>&nbsp;<\/p>\n<p>Larrosa-Fuentes, J. S. (2012). <a href=\"http:\/\/www.juan-larrosa.com\/wp-content\/uploads\/2019\/06\/2012.Dia%CC%81logo-entre-observatorios-de-medios.pdf\" target=\"_blank\" rel=\"noopener noreferrer\">The Dialogue between Media Observatories and Media: an Unfinished Agenda<\/a>. (Spanish) In R. Acosta Garcia (Ed.), <em>Dialogue as an Object of Study<\/em> (pp. 171\u2013190). Guadalajara, M\u00e9xico: ITESO.<\/p>\n<p>&nbsp;<\/p>\n<p>Larrosa-Fuentes, J. S., (2008). \u201c<a href=\"http:\/\/www.juan-larrosa.com\/wp-content\/uploads\/2018\/11\/2008.As-the-media-watch-the-world.pdf\" target=\"_blank\" rel=\"noopener noreferrer\">As the Media Watch, the World We Watch the Media<\/a>\u201d (Spanish) Replicante, IV(16).<\/p>\n","protected":false},"excerpt":{"rendered":"<p class=\"excerpt\">Media observatories, or media-watch, are think tanks where professors, scholars, journalists, and citizens observe the performance of the press as a democratic institution. Media observatories are exciting initiatives to study contemporary communication processes. From 2007 to 2013, I was the coordinator of Quid ITESO: Critical Analysis of Media, a media observatory of the ITESO\u2019s Department of Sociocultural Studies. This page&hellip; <a href=\"https:\/\/www.juan-larrosa.com\/en\/media-observatories\/\">Read more &rarr;<\/a><\/p>\n","protected":false},"author":1,"featured_media":0,"parent":0,"menu_order":0,"comment_status":"closed","ping_status":"closed","template":"","meta":{"nf_dc_page":"","advanced_seo_description":"","jetpack_seo_html_title":"","jetpack_seo_noindex":false,"footnotes":""},"class_list":["post-85","page","type-page","status-publish","hentry","xfolkentry"],"jetpack_sharing_enabled":false,"jetpack-related-posts":[{"id":116,"url":"https:\/\/www.juan-larrosa.com\/observatorios\/","url_meta":{"origin":85,"position":0},"title":"Observatorios de comunicaci\u00f3n","author":"Juan S. Larrosa-Fuentes","date":"7 July, 2014","format":false,"excerpt":"Los observatorios de comunicaci\u00f3n son espacios en donde profesores, acad\u00e9micos, periodistas y ciudadanos en general, estudian, desde diversas perspectivas, el mundo de la comunicaci\u00f3n.\u00a0Entre los a\u00f1os 2007 y 2013 fui el coordinador de Quid ITESO: An\u00e1lisis Cr\u00edtico de Medios de Comunicaci\u00f3n, un observatorio de medios del Departamento de Estudios Socioculturales\u2026","rel":"","context":"Similar post","block_context":{"text":"Similar post","link":""},"img":{"alt_text":"","src":"https:\/\/i0.wp.com\/www.juan-larrosa.com\/wp-content\/uploads\/2014\/09\/Manual-para-la-observaci%C3%B3n-de-medios-229x300.jpg?resize=350%2C200&ssl=1","width":350,"height":200},"classes":[]},{"id":1464,"url":"https:\/\/www.juan-larrosa.com\/cv\/","url_meta":{"origin":85,"position":1},"title":"CV","author":"Juan S. Larrosa-Fuentes","date":"31 May, 2019","format":false,"excerpt":"Director del Departamento de Estudios Socioculturales (DESO), ITESO \u00b7 Acad\u00e9mico en comunicaci\u00f3n pol\u00edtica y cultura p\u00fablica \u00b7 larrosa arroba iteso.mx \u00b7 juan-larrosa.com Descargar CV completo (PDF) Educaci\u00f3n Ph.D. en Medios y Comunicaci\u00f3n, Temple University, Filadelfia, EUA (2013\u20132017). Maestr\u00eda en Comunicaci\u00f3n, Universidad de Guadalajara, M\u00e9xico (2010\u20132012). Licenciatura en Ciencias de la\u2026","rel":"","context":"Similar post","block_context":{"text":"Similar post","link":""},"img":{"alt_text":"","src":"","width":0,"height":0},"classes":[]},{"id":877,"url":"https:\/\/www.juan-larrosa.com\/en\/teaching\/","url_meta":{"origin":85,"position":2},"title":"Teaching","author":"Juan S. Larrosa-Fuentes","date":"24 February, 2017","format":false,"excerpt":"I have taught at doctoral, master\u2019s, undergraduate, and high school levels. Since 2002, I have worked at institutions such as ITESO University (tenured full professor), the University of Guadalajara, and Temple University (Philadelphia, PA). I am a bilingual professor with experience in both face-to-face and online teaching. My expertise focuses\u2026","rel":"","context":"Similar post","block_context":{"text":"Similar post","link":""},"img":{"alt_text":"Schuylkill River","src":"https:\/\/i0.wp.com\/www.juan-larrosa.com\/wp-content\/uploads\/2014\/06\/IMG_0041.jpg?fit=1200%2C896&ssl=1&resize=350%2C200","width":350,"height":200,"srcset":"https:\/\/i0.wp.com\/www.juan-larrosa.com\/wp-content\/uploads\/2014\/06\/IMG_0041.jpg?fit=1200%2C896&ssl=1&resize=350%2C200 1x, https:\/\/i0.wp.com\/www.juan-larrosa.com\/wp-content\/uploads\/2014\/06\/IMG_0041.jpg?fit=1200%2C896&ssl=1&resize=525%2C300 1.5x, https:\/\/i0.wp.com\/www.juan-larrosa.com\/wp-content\/uploads\/2014\/06\/IMG_0041.jpg?fit=1200%2C896&ssl=1&resize=700%2C400 2x, https:\/\/i0.wp.com\/www.juan-larrosa.com\/wp-content\/uploads\/2014\/06\/IMG_0041.jpg?fit=1200%2C896&ssl=1&resize=1050%2C600 3x"},"classes":[]},{"id":91,"url":"https:\/\/www.juan-larrosa.com\/en\/journalism\/","url_meta":{"origin":85,"position":3},"title":"Journalism and the Press","author":"Juan S. Larrosa-Fuentes","date":"7 July, 2014","format":false,"excerpt":"The press is a fundamental institution for the political development of contemporary societies, especially those that have democratic aspirations. Journalism is one of the practices that give life to this institution. An essential part of my work as an academic has been the study of journalism and the media in\u2026","rel":"","context":"Similar post","block_context":{"text":"Similar post","link":""},"img":{"alt_text":"","src":"","width":0,"height":0},"classes":[]},{"id":88,"url":"https:\/\/www.juan-larrosa.com\/en\/guadalajara-media-system\/","url_meta":{"origin":85,"position":4},"title":"Guadalajara&#8217;s Media System","author":"Juan S. Larrosa-Fuentes","date":"7 July, 2014","format":false,"excerpt":"As a researcher, I have the interest in the theoretical development of the communication systems concept as an outcome of empirical observations. It is tough\u2014or maybe impossible\u2014to observe all the communication systems of the world. Therefore, I decided to focus on the local communication system of Guadalajara, a Mexican city\u2026","rel":"","context":"Similar post","block_context":{"text":"Similar post","link":""},"img":{"alt_text":"","src":"","width":0,"height":0},"classes":[]},{"id":100,"url":"https:\/\/www.juan-larrosa.com\/en\/political-communication\/","url_meta":{"origin":85,"position":5},"title":"Political Communication &#038; Elections","author":"Juan S. Larrosa-Fuentes","date":"7 July, 2014","format":false,"excerpt":"Since 2006, I have participated in multiple research projects to understand how communication\u2014across its levels and dimensions\u2014structures politics during electoral processes. I have coordinated and taken part in research on Mexico\u2019s federal and local elections in 2006, 2012, 2015, 2018, 2021, and 2024. I also conducted an ethnography of the\u2026","rel":"","context":"Similar post","block_context":{"text":"Similar post","link":""},"img":{"alt_text":"","src":"","width":0,"height":0},"classes":[]}],"jetpack_shortlink":"https:\/\/wp.me\/P4Hsnc-1n","jetpack_likes_enabled":false,"_links":{"self":[{"href":"https:\/\/www.juan-larrosa.com\/en\/wp-json\/wp\/v2\/pages\/85","targetHints":{"allow":["GET"]}}],"collection":[{"href":"https:\/\/www.juan-larrosa.com\/en\/wp-json\/wp\/v2\/pages"}],"about":[{"href":"https:\/\/www.juan-larrosa.com\/en\/wp-json\/wp\/v2\/types\/page"}],"author":[{"embeddable":true,"href":"https:\/\/www.juan-larrosa.com\/en\/wp-json\/wp\/v2\/users\/1"}],"replies":[{"embeddable":true,"href":"https:\/\/www.juan-larrosa.com\/en\/wp-json\/wp\/v2\/comments?post=85"}],"version-history":[{"count":5,"href":"https:\/\/www.juan-larrosa.com\/en\/wp-json\/wp\/v2\/pages\/85\/revisions"}],"predecessor-version":[{"id":1792,"href":"https:\/\/www.juan-larrosa.com\/en\/wp-json\/wp\/v2\/pages\/85\/revisions\/1792"}],"wp:attachment":[{"href":"https:\/\/www.juan-larrosa.com\/en\/wp-json\/wp\/v2\/media?parent=85"}],"curies":[{"name":"wp","href":"https:\/\/api.w.org\/{rel}","templated":true}]}}