{"id":82,"date":"2014-07-07T23:22:20","date_gmt":"2014-07-08T03:22:20","guid":{"rendered":"http:\/\/www.juan-larrosa.com\/?page_id=82"},"modified":"2019-06-02T19:37:59","modified_gmt":"2019-06-03T00:37:59","slug":"contacto","status":"publish","type":"page","link":"https:\/\/www.juan-larrosa.com\/en\/contacto\/","title":{"rendered":"Contact"},"content":{"rendered":"<h2 style=\"text-align: left;\">Dr. Juan S. Larrosa-Fuentes <img data-recalc-dims=\"1\" loading=\"lazy\" decoding=\"async\" data-attachment-id=\"1582\" data-permalink=\"https:\/\/www.juan-larrosa.com\/en\/contacto\/juan-larrosa-18-2\/\" data-orig-file=\"https:\/\/i0.wp.com\/www.juan-larrosa.com\/wp-content\/uploads\/2019\/06\/Juan-Larrosa-18.jpg?fit=6000%2C4000&amp;ssl=1\" data-orig-size=\"6000,4000\" data-comments-opened=\"0\" data-image-meta=\"{&quot;aperture&quot;:&quot;3.2&quot;,&quot;credit&quot;:&quot;&quot;,&quot;camera&quot;:&quot;ILCE-9&quot;,&quot;caption&quot;:&quot;&quot;,&quot;created_timestamp&quot;:&quot;1512993695&quot;,&quot;copyright&quot;:&quot;&quot;,&quot;focal_length&quot;:&quot;62&quot;,&quot;iso&quot;:&quot;500&quot;,&quot;shutter_speed&quot;:&quot;0.001&quot;,&quot;title&quot;:&quot;&quot;,&quot;orientation&quot;:&quot;0&quot;}\" data-image-title=\"\" data-image-description=\"\" data-image-caption=\"\" data-large-file=\"https:\/\/i0.wp.com\/www.juan-larrosa.com\/wp-content\/uploads\/2019\/06\/Juan-Larrosa-18.jpg?fit=631%2C421&amp;ssl=1\" class=\"wp-image-1582 alignright\" src=\"https:\/\/i0.wp.com\/www.juan-larrosa.com\/wp-content\/uploads\/2019\/06\/Juan-Larrosa-18.jpg?resize=500%2C333\" alt=\"\" width=\"500\" height=\"333\" srcset=\"https:\/\/i0.wp.com\/www.juan-larrosa.com\/wp-content\/uploads\/2019\/06\/Juan-Larrosa-18.jpg?w=6000&amp;ssl=1 6000w, https:\/\/i0.wp.com\/www.juan-larrosa.com\/wp-content\/uploads\/2019\/06\/Juan-Larrosa-18.jpg?resize=150%2C100&amp;ssl=1 150w, https:\/\/i0.wp.com\/www.juan-larrosa.com\/wp-content\/uploads\/2019\/06\/Juan-Larrosa-18.jpg?resize=300%2C200&amp;ssl=1 300w, https:\/\/i0.wp.com\/www.juan-larrosa.com\/wp-content\/uploads\/2019\/06\/Juan-Larrosa-18.jpg?resize=1024%2C683&amp;ssl=1 1024w, https:\/\/i0.wp.com\/www.juan-larrosa.com\/wp-content\/uploads\/2019\/06\/Juan-Larrosa-18.jpg?w=1262&amp;ssl=1 1262w, https:\/\/i0.wp.com\/www.juan-larrosa.com\/wp-content\/uploads\/2019\/06\/Juan-Larrosa-18.jpg?w=1893&amp;ssl=1 1893w\" sizes=\"auto, (max-width: 500px) 100vw, 500px\" \/><\/h2>\n<p style=\"text-align: left;\">Media and Communication, Ph.D<\/p>\n<p style=\"text-align: left;\">Department of Sociocultural Studies<\/p>\n<p style=\"text-align: left;\"><a href=\"https:\/\/www.iteso.mx\/\" target=\"_blank\" rel=\"noopener noreferrer\">ITESO Univeristy<\/a><\/p>\n<p style=\"text-align: left;\">Guadalajara, Jalisco, Mexico<\/p>\n<p>&nbsp;<\/p>\n<p style=\"text-align: left;\"><strong>email: larrosa at iteso.mx<\/strong><\/p>\n<p style=\"text-align: left;\"><strong>phone: : (33) 3669 3434 ext: 3202<\/strong><\/p>\n<p style=\"text-align: left;\"><strong>twitter handle: @Juan_Larrosa1<\/strong><\/p>\n","protected":false},"excerpt":{"rendered":"<p class=\"excerpt\">Dr. Juan S. Larrosa-Fuentes Media and Communication, Ph.D Department of Sociocultural Studies ITESO Univeristy Guadalajara, Jalisco, Mexico &nbsp; email: larrosa at iteso.mx phone: : (33) 3669 3434 ext: 3202 twitter handle: @Juan_Larrosa1 <a href=\"https:\/\/www.juan-larrosa.com\/en\/contacto\/\">Read more &rarr;<\/a><\/p>\n","protected":false},"author":1,"featured_media":0,"parent":0,"menu_order":0,"comment_status":"closed","ping_status":"closed","template":"","meta":{"nf_dc_page":"","advanced_seo_description":"","jetpack_seo_html_title":"","jetpack_seo_noindex":false,"footnotes":""},"class_list":["post-82","page","type-page","status-publish","hentry","xfolkentry"],"jetpack_sharing_enabled":false,"jetpack-related-posts":[{"id":112,"url":"https:\/\/www.juan-larrosa.com\/sistema-medios-guadalajara\/","url_meta":{"origin":82,"position":0},"title":"El sistema de medios en Guadalajara","author":"Juan S. Larrosa-Fuentes","date":"7 July, 2014","format":false,"excerpt":"La investigaci\u00f3n en torno a la historia, la estructura y la operaci\u00f3n cotidiana del sistema de comunicaci\u00f3n de Guadalajara encarna la construcci\u00f3n de un mapa que est\u00e1 en constante cambio y que conforme pasa el tiempo tiende a ser cada vez m\u00e1s complejo. Aunque la mayor parte de los textos\u2026","rel":"","context":"Similar post","block_context":{"text":"Similar post","link":""},"img":{"alt_text":"","src":"","width":0,"height":0},"classes":[]},{"id":88,"url":"https:\/\/www.juan-larrosa.com\/en\/guadalajara-media-system\/","url_meta":{"origin":82,"position":1},"title":"Guadalajara&#8217;s Media System","author":"Juan S. Larrosa-Fuentes","date":"7 July, 2014","format":false,"excerpt":"As a researcher, I have the interest in the theoretical development of the communication systems concept as an outcome of empirical observations. It is tough\u2014or maybe impossible\u2014to observe all the communication systems of the world. Therefore, I decided to focus on the local communication system of Guadalajara, a Mexican city\u2026","rel":"","context":"Similar post","block_context":{"text":"Similar post","link":""},"img":{"alt_text":"","src":"","width":0,"height":0},"classes":[]},{"id":1464,"url":"https:\/\/www.juan-larrosa.com\/cv\/","url_meta":{"origin":82,"position":2},"title":"CV","author":"Juan S. Larrosa-Fuentes","date":"31 May, 2019","format":false,"excerpt":"Director del Departamento de Estudios Socioculturales (DESO), ITESO \u00b7 Acad\u00e9mico en comunicaci\u00f3n pol\u00edtica y cultura p\u00fablica \u00b7 larrosa arroba iteso.mx \u00b7 juan-larrosa.com Descargar CV completo (PDF) Educaci\u00f3n Ph.D. en Medios y Comunicaci\u00f3n, Temple University, Filadelfia, EUA (2013\u20132017). Maestr\u00eda en Comunicaci\u00f3n, Universidad de Guadalajara, M\u00e9xico (2010\u20132012). Licenciatura en Ciencias de la\u2026","rel":"","context":"Similar post","block_context":{"text":"Similar post","link":""},"img":{"alt_text":"","src":"","width":0,"height":0},"classes":[]},{"id":195,"url":"https:\/\/www.juan-larrosa.com\/ddhh\/","url_meta":{"origin":82,"position":3},"title":"Derechos humanos y derecho a la informaci\u00f3n","author":"Juan S. Larrosa-Fuentes","date":"24 July, 2014","format":false,"excerpt":"Adem\u00e1s de mi trabajo en el campo acad\u00e9mico he laborado como periodista e integrante de organizaciones civiles en tareas de investigaci\u00f3n en torno a los derechos humanos. La comunicaci\u00f3n, sin duda, es uno de los mecanismos m\u00e1s importantes para la reproducci\u00f3n del poder y tambi\u00e9n para el cambio social. Por\u2026","rel":"","context":"Similar post","block_context":{"text":"Similar post","link":""},"img":{"alt_text":"","src":"","width":0,"height":0},"classes":[]},{"id":192,"url":"https:\/\/www.juan-larrosa.com\/en\/communication-human-rights-and-social-movements\/","url_meta":{"origin":82,"position":4},"title":"Communication, Human Rights, and Social Movements","author":"Juan S. Larrosa-Fuentes","date":"24 July, 2014","format":false,"excerpt":"In addition to my job as a scholar, I have participated in different non-profit organizations and journalistic investigations about social movements and human rights. I am firm in my conviction that communication is a mechanism for social change. Thus, the documentation and analysis of human rights and social movements are\u2026","rel":"","context":"Similar post","block_context":{"text":"Similar post","link":""},"img":{"alt_text":"","src":"","width":0,"height":0},"classes":[]},{"id":116,"url":"https:\/\/www.juan-larrosa.com\/observatorios\/","url_meta":{"origin":82,"position":5},"title":"Observatorios de comunicaci\u00f3n","author":"Juan S. Larrosa-Fuentes","date":"7 July, 2014","format":false,"excerpt":"Los observatorios de comunicaci\u00f3n son espacios en donde profesores, acad\u00e9micos, periodistas y ciudadanos en general, estudian, desde diversas perspectivas, el mundo de la comunicaci\u00f3n.\u00a0Entre los a\u00f1os 2007 y 2013 fui el coordinador de Quid ITESO: An\u00e1lisis Cr\u00edtico de Medios de Comunicaci\u00f3n, un observatorio de medios del Departamento de Estudios Socioculturales\u2026","rel":"","context":"Similar post","block_context":{"text":"Similar post","link":""},"img":{"alt_text":"","src":"https:\/\/i0.wp.com\/www.juan-larrosa.com\/wp-content\/uploads\/2014\/09\/Manual-para-la-observaci%C3%B3n-de-medios-229x300.jpg?resize=350%2C200&ssl=1","width":350,"height":200},"classes":[]}],"jetpack_shortlink":"https:\/\/wp.me\/P4Hsnc-1k","jetpack_likes_enabled":false,"_links":{"self":[{"href":"https:\/\/www.juan-larrosa.com\/en\/wp-json\/wp\/v2\/pages\/82","targetHints":{"allow":["GET"]}}],"collection":[{"href":"https:\/\/www.juan-larrosa.com\/en\/wp-json\/wp\/v2\/pages"}],"about":[{"href":"https:\/\/www.juan-larrosa.com\/en\/wp-json\/wp\/v2\/types\/page"}],"author":[{"embeddable":true,"href":"https:\/\/www.juan-larrosa.com\/en\/wp-json\/wp\/v2\/users\/1"}],"replies":[{"embeddable":true,"href":"https:\/\/www.juan-larrosa.com\/en\/wp-json\/wp\/v2\/comments?post=82"}],"version-history":[{"count":6,"href":"https:\/\/www.juan-larrosa.com\/en\/wp-json\/wp\/v2\/pages\/82\/revisions"}],"predecessor-version":[{"id":1587,"href":"https:\/\/www.juan-larrosa.com\/en\/wp-json\/wp\/v2\/pages\/82\/revisions\/1587"}],"wp:attachment":[{"href":"https:\/\/www.juan-larrosa.com\/en\/wp-json\/wp\/v2\/media?parent=82"}],"curies":[{"name":"wp","href":"https:\/\/api.w.org\/{rel}","templated":true}]}}