{"id":664,"date":"2016-05-08T10:35:01","date_gmt":"2016-05-08T15:35:01","guid":{"rendered":"http:\/\/www.juan-larrosa.com\/en\/blog\/"},"modified":"2024-12-23T18:29:58","modified_gmt":"2024-12-24T00:29:58","slug":"blog","status":"publish","type":"page","link":"https:\/\/www.juan-larrosa.com\/en\/blog\/","title":{"rendered":"Blog"},"content":{"rendered":"","protected":false},"excerpt":{"rendered":"<p class=\"excerpt\"> <a href=\"https:\/\/www.juan-larrosa.com\/en\/blog\/\">Read more &rarr;<\/a><\/p>\n","protected":false},"author":1,"featured_media":0,"parent":0,"menu_order":1,"comment_status":"closed","ping_status":"closed","template":"page-templates\/template-grid.php","meta":{"nf_dc_page":"","advanced_seo_description":"","jetpack_seo_html_title":"","jetpack_seo_noindex":false,"footnotes":""},"class_list":["post-664","page","type-page","status-publish","hentry","xfolkentry"],"jetpack_sharing_enabled":true,"jetpack-related-posts":[{"id":661,"url":"https:\/\/www.juan-larrosa.com\/blog\/","url_meta":{"origin":664,"position":0},"title":"Blog","author":"Juan S. Larrosa-Fuentes","date":"8 May, 2016","format":false,"excerpt":"","rel":"","context":"Similar post","block_context":{"text":"Similar post","link":""},"img":{"alt_text":"","src":"","width":0,"height":0},"classes":[]},{"id":195,"url":"https:\/\/www.juan-larrosa.com\/ddhh\/","url_meta":{"origin":664,"position":1},"title":"Derechos humanos y derecho a la informaci\u00f3n","author":"Juan S. Larrosa-Fuentes","date":"24 July, 2014","format":false,"excerpt":"Adem\u00e1s de mi trabajo en el campo acad\u00e9mico he laborado como periodista e integrante de organizaciones civiles en tareas de investigaci\u00f3n en torno a los derechos humanos. La comunicaci\u00f3n, sin duda, es uno de los mecanismos m\u00e1s importantes para la reproducci\u00f3n del poder y tambi\u00e9n para el cambio social. Por\u2026","rel":"","context":"Similar post","block_context":{"text":"Similar post","link":""},"img":{"alt_text":"","src":"","width":0,"height":0},"classes":[]}],"jetpack_shortlink":"https:\/\/wp.me\/P4Hsnc-aI","jetpack_likes_enabled":true,"_links":{"self":[{"href":"https:\/\/www.juan-larrosa.com\/en\/wp-json\/wp\/v2\/pages\/664","targetHints":{"allow":["GET"]}}],"collection":[{"href":"https:\/\/www.juan-larrosa.com\/en\/wp-json\/wp\/v2\/pages"}],"about":[{"href":"https:\/\/www.juan-larrosa.com\/en\/wp-json\/wp\/v2\/types\/page"}],"author":[{"embeddable":true,"href":"https:\/\/www.juan-larrosa.com\/en\/wp-json\/wp\/v2\/users\/1"}],"replies":[{"embeddable":true,"href":"https:\/\/www.juan-larrosa.com\/en\/wp-json\/wp\/v2\/comments?post=664"}],"version-history":[{"count":1,"href":"https:\/\/www.juan-larrosa.com\/en\/wp-json\/wp\/v2\/pages\/664\/revisions"}],"predecessor-version":[{"id":673,"href":"https:\/\/www.juan-larrosa.com\/en\/wp-json\/wp\/v2\/pages\/664\/revisions\/673"}],"wp:attachment":[{"href":"https:\/\/www.juan-larrosa.com\/en\/wp-json\/wp\/v2\/media?parent=664"}],"curies":[{"name":"wp","href":"https:\/\/api.w.org\/{rel}","templated":true}]}}