{"id":31,"date":"2014-06-13T23:26:27","date_gmt":"2014-06-14T03:26:27","guid":{"rendered":"http:\/\/www.juan-larrosa.com\/?page_id=31"},"modified":"2025-09-13T12:11:59","modified_gmt":"2025-09-13T18:11:59","slug":"biography","status":"publish","type":"page","link":"https:\/\/www.juan-larrosa.com\/en\/","title":{"rendered":"Juan S. Larrosa-Fuentes, PhD"},"content":{"rendered":"<p>He is the director of the <a href=\"https:\/\/www.iteso.mx\/web\/general\/detalle?group_id=15046673\" rel=\"noopener noreferrer\">Department of Sociocultural Studies at ITESO University<\/a> and a professor at the School of Journalism and Public Communication. He has published in journals such as the <a href=\"https:\/\/ijoc.org\/index.php\/ijoc\/article\/view\/7836\" target=\"_blank\" rel=\"noopener noreferrer\"><em>International Journal of Communication<\/em><\/a>, <a href=\"http:\/\/www.tripodos.com\/index.php\/Facultat_Comunicacio_Blanquerna\/article\/view\/383\" target=\"_blank\" rel=\"noopener noreferrer\"><em>Tripodos<\/em><\/a>, <a href=\"http:\/\/www.comunicacionysociedad.cucsh.udg.mx\/index.php\/comsoc\/article\/view\/6872\" target=\"_blank\" rel=\"noopener noreferrer\"><em>Comunicaci\u00f3n y\u00a0<\/em><\/a><em><span style=\"color: #428bca;\">Sociedad, <\/span><\/em><a href=\"https:\/\/journals.sagepub.com\/doi\/full\/10.1177\/1750635220929520\" target=\"_blank\" rel=\"noopener noreferrer\"><em>Media, War &amp; Conflict<\/em><\/a>, <a href=\"https:\/\/www.revistavirtualis.mx\/index.php\/virtualis\/article\/view\/357\" target=\"_blank\" rel=\"noopener\"><em>Virtualis<\/em><\/a>, <em><a href=\"https:\/\/www.cambridge.org\/core\/journals\/latin-american-research-review\/article\/representations-of-latinos-in-a-democratic-party-campaign-in-the-united-states-identity-ownership-narratives-and-values\/757036AAE97601DB35807955C733FEBC\" target=\"_blank\" rel=\"noopener\">Latin American Research Review<\/a>, and Mobilities<\/em>. He is currently a researcher at <a style=\"background-color: #ffffff;\" href=\"https:\/\/etius.iteso.mx\/\" target=\"_blank\" rel=\"noopener noreferrer\">ETIUS: Communication &amp; Culture<\/a>.<\/p>\n<p>From 2013 to 2016, he was a Fulbright Scholar. His work has received recognition from several organizations, including the Center for Social Studies and Public Opinion (CESOP) and the \u201cPolitical Communication\u201d and \u201cInformation Technology and Politics\u201d sections of the American Political Science Association (APSA), as well as the Klein College of Media and Communication.<\/p>\n<p>His teaching focus is in the Department of Sociocultural Studies at ITESO University. His research interests center on political communication, journalism, and the political economy of media.<\/p>\n","protected":false},"excerpt":{"rendered":"<p class=\"excerpt\">He is the director of the Department of Sociocultural Studies at ITESO University and a professor at the School of Journalism and Public Communication. He has published in journals such as the International Journal of Communication, Tripodos, Comunicaci\u00f3n y\u00a0Sociedad, Media, War &amp; Conflict, Virtualis, Latin American Research Review, and Mobilities. He is currently a researcher at ETIUS: Communication &amp; Culture.&hellip; <a href=\"https:\/\/www.juan-larrosa.com\/en\/\">Read more &rarr;<\/a><\/p>\n","protected":false},"author":1,"featured_media":48,"parent":0,"menu_order":0,"comment_status":"closed","ping_status":"closed","template":"","meta":{"nf_dc_page":"","advanced_seo_description":"","jetpack_seo_html_title":"","jetpack_seo_noindex":false,"footnotes":""},"class_list":["post-31","page","type-page","status-publish","has-post-thumbnail","hentry","xfolkentry"],"jetpack_sharing_enabled":false,"jetpack-related-posts":[{"id":877,"url":"https:\/\/www.juan-larrosa.com\/en\/teaching\/","url_meta":{"origin":31,"position":0},"title":"Teaching","author":"Juan S. Larrosa-Fuentes","date":"24 February, 2017","format":false,"excerpt":"I have taught at doctoral, master\u2019s, undergraduate, and high school levels. Since 2002, I have worked at institutions such as ITESO University (tenured full professor), the University of Guadalajara, and Temple University (Philadelphia, PA). I am a bilingual professor with experience in both face-to-face and online teaching. My expertise focuses\u2026","rel":"","context":"Similar post","block_context":{"text":"Similar post","link":""},"img":{"alt_text":"Schuylkill River","src":"https:\/\/i0.wp.com\/www.juan-larrosa.com\/wp-content\/uploads\/2014\/06\/IMG_0041.jpg?fit=1200%2C896&ssl=1&resize=350%2C200","width":350,"height":200,"srcset":"https:\/\/i0.wp.com\/www.juan-larrosa.com\/wp-content\/uploads\/2014\/06\/IMG_0041.jpg?fit=1200%2C896&ssl=1&resize=350%2C200 1x, https:\/\/i0.wp.com\/www.juan-larrosa.com\/wp-content\/uploads\/2014\/06\/IMG_0041.jpg?fit=1200%2C896&ssl=1&resize=525%2C300 1.5x, https:\/\/i0.wp.com\/www.juan-larrosa.com\/wp-content\/uploads\/2014\/06\/IMG_0041.jpg?fit=1200%2C896&ssl=1&resize=700%2C400 2x, https:\/\/i0.wp.com\/www.juan-larrosa.com\/wp-content\/uploads\/2014\/06\/IMG_0041.jpg?fit=1200%2C896&ssl=1&resize=1050%2C600 3x"},"classes":[]},{"id":2150,"url":"https:\/\/www.juan-larrosa.com\/en\/public-communication-covid-19\/","url_meta":{"origin":31,"position":1},"title":"Public Communication &#038; Covid-19","author":"Juan S. Larrosa-Fuentes","date":"26 October, 2022","format":false,"excerpt":"This project examines the public communication strategy of the Mexican Federal Government during the COVID-19 pandemic, focusing on press conferences as devices to inform, organize, and influence the public. This page compiles the academic outputs resulting from the research conducted between 2020 and 2025. \ud83c\udfaf Research Objective General objective: Analyze\u2026","rel":"","context":"Similar post","block_context":{"text":"Similar post","link":""},"img":{"alt_text":"Book cover: Comunicaci\u00f3n p\u00fablica y pol\u00edtica en tiempos del covid-19","src":"https:\/\/i0.wp.com\/www.juan-larrosa.com\/wp-content\/uploads\/2025\/10\/Comunicacion-publica-y-politica-en-tiempos-de-covid-19_Pagina_001-218x300.jpg?resize=350%2C200&ssl=1","width":350,"height":200},"classes":[]},{"id":192,"url":"https:\/\/www.juan-larrosa.com\/en\/communication-human-rights-and-social-movements\/","url_meta":{"origin":31,"position":2},"title":"Communication, Human Rights, and Social Movements","author":"Juan S. Larrosa-Fuentes","date":"24 July, 2014","format":false,"excerpt":"In addition to my job as a scholar, I have participated in different non-profit organizations and journalistic investigations about social movements and human rights. I am firm in my conviction that communication is a mechanism for social change. Thus, the documentation and analysis of human rights and social movements are\u2026","rel":"","context":"Similar post","block_context":{"text":"Similar post","link":""},"img":{"alt_text":"","src":"","width":0,"height":0},"classes":[]},{"id":297,"url":"https:\/\/www.juan-larrosa.com\/en\/books\/","url_meta":{"origin":31,"position":3},"title":"Books","author":"Juan S. Larrosa-Fuentes","date":"20 September, 2014","format":false,"excerpt":"Journalism in Mexico. Politics, Money, and Technology This book analyzes the media landscape in Mexico, examining the intersections of politics, economics, and technology. The study explores the regulatory framework for media and telecommunications, highlighting the impact of the 2013 constitutional reform and the creation of the IFT. Despite advances, media\u2026","rel":"","context":"Similar post","block_context":{"text":"Similar post","link":""},"img":{"alt_text":"","src":"https:\/\/i0.wp.com\/www.juan-larrosa.com\/wp-content\/uploads\/2025\/03\/Mexico-MIM-FULL-FINAL_Pagina_001-212x300.jpg?resize=350%2C200&ssl=1","width":350,"height":200},"classes":[]},{"id":88,"url":"https:\/\/www.juan-larrosa.com\/en\/guadalajara-media-system\/","url_meta":{"origin":31,"position":4},"title":"Guadalajara&#8217;s Media System","author":"Juan S. Larrosa-Fuentes","date":"7 July, 2014","format":false,"excerpt":"As a researcher, I have the interest in the theoretical development of the communication systems concept as an outcome of empirical observations. It is tough\u2014or maybe impossible\u2014to observe all the communication systems of the world. Therefore, I decided to focus on the local communication system of Guadalajara, a Mexican city\u2026","rel":"","context":"Similar post","block_context":{"text":"Similar post","link":""},"img":{"alt_text":"","src":"","width":0,"height":0},"classes":[]},{"id":100,"url":"https:\/\/www.juan-larrosa.com\/en\/political-communication\/","url_meta":{"origin":31,"position":5},"title":"Political Communication &#038; Elections","author":"Juan S. Larrosa-Fuentes","date":"7 July, 2014","format":false,"excerpt":"Since 2006, I have participated in multiple research projects to understand how communication\u2014across its levels and dimensions\u2014structures politics during electoral processes. I have coordinated and taken part in research on Mexico\u2019s federal and local elections in 2006, 2012, 2015, 2018, 2021, and 2024. I also conducted an ethnography of the\u2026","rel":"","context":"Similar post","block_context":{"text":"Similar post","link":""},"img":{"alt_text":"","src":"","width":0,"height":0},"classes":[]}],"jetpack_shortlink":"https:\/\/wp.me\/P4Hsnc-v","jetpack_likes_enabled":false,"_links":{"self":[{"href":"https:\/\/www.juan-larrosa.com\/en\/wp-json\/wp\/v2\/pages\/31","targetHints":{"allow":["GET"]}}],"collection":[{"href":"https:\/\/www.juan-larrosa.com\/en\/wp-json\/wp\/v2\/pages"}],"about":[{"href":"https:\/\/www.juan-larrosa.com\/en\/wp-json\/wp\/v2\/types\/page"}],"author":[{"embeddable":true,"href":"https:\/\/www.juan-larrosa.com\/en\/wp-json\/wp\/v2\/users\/1"}],"replies":[{"embeddable":true,"href":"https:\/\/www.juan-larrosa.com\/en\/wp-json\/wp\/v2\/comments?post=31"}],"version-history":[{"count":5,"href":"https:\/\/www.juan-larrosa.com\/en\/wp-json\/wp\/v2\/pages\/31\/revisions"}],"predecessor-version":[{"id":2217,"href":"https:\/\/www.juan-larrosa.com\/en\/wp-json\/wp\/v2\/pages\/31\/revisions\/2217"}],"wp:featuredmedia":[{"embeddable":true,"href":"https:\/\/www.juan-larrosa.com\/en\/wp-json\/wp\/v2\/media\/48"}],"wp:attachment":[{"href":"https:\/\/www.juan-larrosa.com\/en\/wp-json\/wp\/v2\/media?parent=31"}],"curies":[{"name":"wp","href":"https:\/\/api.w.org\/{rel}","templated":true}]}}