{"id":2621,"date":"2025-01-17T09:09:10","date_gmt":"2025-01-17T15:09:10","guid":{"rendered":"https:\/\/www.juan-larrosa.com\/?page_id=2621"},"modified":"2025-09-13T07:22:31","modified_gmt":"2025-09-13T13:22:31","slug":"political-communication-systems-model","status":"publish","type":"page","link":"https:\/\/www.juan-larrosa.com\/en\/current-projects\/political-communication-systems-model\/","title":{"rendered":"Political Communication Systems Model"},"content":{"rendered":"","protected":false},"excerpt":{"rendered":"<p class=\"excerpt\"> <a href=\"https:\/\/www.juan-larrosa.com\/en\/current-projects\/political-communication-systems-model\/\">Read more &rarr;<\/a><\/p>\n","protected":false},"author":1,"featured_media":0,"parent":2616,"menu_order":0,"comment_status":"closed","ping_status":"closed","template":"","meta":{"nf_dc_page":"","advanced_seo_description":"","jetpack_seo_html_title":"","jetpack_seo_noindex":false,"footnotes":""},"class_list":["post-2621","page","type-page","status-publish","hentry","xfolkentry"],"jetpack_sharing_enabled":true,"jetpack-related-posts":[{"id":2075,"url":"https:\/\/www.juan-larrosa.com\/proyectos-en-curso\/mocopo\/","url_meta":{"origin":2621,"position":0},"title":"Modelo de Sistemas de Comunicaci\u00f3n Pol\u00edtica","author":"Juan S. Larrosa-Fuentes","date":"17 January, 2025","format":false,"excerpt":"Cuando comenc\u00e9 a estudiar la comunicaci\u00f3n pol\u00edtica, especialmente durante campa\u00f1as electorales me adentr\u00e9 en las teor\u00edas propias del campo. En un primer momento estudi\u00e9 las teor\u00edas de los efectos, despu\u00e9s trabaj\u00e9 con teor\u00edas de orden institucional y un poco m\u00e1s adelante me interes\u00f3 conocer sobre comunicaci\u00f3n y opini\u00f3n p\u00fablica. Al\u2026","rel":"","context":"Similar post","block_context":{"text":"Similar post","link":""},"img":{"alt_text":"","src":"","width":0,"height":0},"classes":[]},{"id":297,"url":"https:\/\/www.juan-larrosa.com\/en\/books\/","url_meta":{"origin":2621,"position":1},"title":"Books","author":"Juan S. Larrosa-Fuentes","date":"20 September, 2014","format":false,"excerpt":"Journalism in Mexico. Politics, Money, and Technology This book analyzes the media landscape in Mexico, examining the intersections of politics, economics, and technology. The study explores the regulatory framework for media and telecommunications, highlighting the impact of the 2013 constitutional reform and the creation of the IFT. Despite advances, media\u2026","rel":"","context":"Similar post","block_context":{"text":"Similar post","link":""},"img":{"alt_text":"","src":"https:\/\/i0.wp.com\/www.juan-larrosa.com\/wp-content\/uploads\/2025\/03\/Mexico-MIM-FULL-FINAL_Pagina_001-212x300.jpg?resize=350%2C200&ssl=1","width":350,"height":200},"classes":[]},{"id":100,"url":"https:\/\/www.juan-larrosa.com\/en\/political-communication\/","url_meta":{"origin":2621,"position":2},"title":"Political Communication &#038; Elections","author":"Juan S. Larrosa-Fuentes","date":"7 July, 2014","format":false,"excerpt":"Since 2006, I have participated in multiple research projects to understand how communication\u2014across its levels and dimensions\u2014structures politics during electoral processes. I have coordinated and taken part in research on Mexico\u2019s federal and local elections in 2006, 2012, 2015, 2018, 2021, and 2024. I also conducted an ethnography of the\u2026","rel":"","context":"Similar post","block_context":{"text":"Similar post","link":""},"img":{"alt_text":"","src":"","width":0,"height":0},"classes":[]},{"id":31,"url":"https:\/\/www.juan-larrosa.com\/en\/","url_meta":{"origin":2621,"position":3},"title":"Juan S. Larrosa-Fuentes, PhD","author":"Juan S. Larrosa-Fuentes","date":"13 June, 2014","format":false,"excerpt":"He is the director of the Department of Sociocultural Studies at ITESO University and a professor at the School of Journalism and Public Communication. He has published in journals such as the International Journal of Communication, Tripodos, Comunicaci\u00f3n y\u00a0Sociedad, Media, War & Conflict, Virtualis, Latin American Research Review, and Mobilities.\u2026","rel":"","context":"Similar post","block_context":{"text":"Similar post","link":""},"img":{"alt_text":"","src":"https:\/\/i0.wp.com\/www.juan-larrosa.com\/wp-content\/uploads\/2014\/06\/Philly.Fall_.2013.02.jpg?fit=1200%2C1200&ssl=1&resize=350%2C200","width":350,"height":200,"srcset":"https:\/\/i0.wp.com\/www.juan-larrosa.com\/wp-content\/uploads\/2014\/06\/Philly.Fall_.2013.02.jpg?fit=1200%2C1200&ssl=1&resize=350%2C200 1x, https:\/\/i0.wp.com\/www.juan-larrosa.com\/wp-content\/uploads\/2014\/06\/Philly.Fall_.2013.02.jpg?fit=1200%2C1200&ssl=1&resize=525%2C300 1.5x, https:\/\/i0.wp.com\/www.juan-larrosa.com\/wp-content\/uploads\/2014\/06\/Philly.Fall_.2013.02.jpg?fit=1200%2C1200&ssl=1&resize=700%2C400 2x, https:\/\/i0.wp.com\/www.juan-larrosa.com\/wp-content\/uploads\/2014\/06\/Philly.Fall_.2013.02.jpg?fit=1200%2C1200&ssl=1&resize=1050%2C600 3x"},"classes":[]},{"id":97,"url":"https:\/\/www.juan-larrosa.com\/comunicacion-politica\/","url_meta":{"origin":2621,"position":4},"title":"Comunicaci\u00f3n pol\u00edtica y elecciones","author":"Juan S. Larrosa-Fuentes","date":"7 July, 2014","format":false,"excerpt":"Desde 2006 he participado en diversos proyectos de investigaci\u00f3n para entender c\u00f3mo la comunicaci\u00f3n \u2014en todos sus niveles y dimensiones\u2014 estructura la pol\u00edtica durante los procesos electorales. He coordinado y participado en investigaciones sobre las elecciones mexicanas de 2006, 2012, 2015, 2018, 2021 y 2024. Adem\u00e1s, realic\u00e9 una etnograf\u00eda sobre\u2026","rel":"","context":"Similar post","block_context":{"text":"Similar post","link":""},"img":{"alt_text":"","src":"","width":0,"height":0},"classes":[]},{"id":877,"url":"https:\/\/www.juan-larrosa.com\/en\/teaching\/","url_meta":{"origin":2621,"position":5},"title":"Teaching","author":"Juan S. Larrosa-Fuentes","date":"24 February, 2017","format":false,"excerpt":"I have taught at doctoral, master\u2019s, undergraduate, and high school levels. Since 2002, I have worked at institutions such as ITESO University (tenured full professor), the University of Guadalajara, and Temple University (Philadelphia, PA). I am a bilingual professor with experience in both face-to-face and online teaching. My expertise focuses\u2026","rel":"","context":"Similar post","block_context":{"text":"Similar post","link":""},"img":{"alt_text":"Schuylkill River","src":"https:\/\/i0.wp.com\/www.juan-larrosa.com\/wp-content\/uploads\/2014\/06\/IMG_0041.jpg?fit=1200%2C896&ssl=1&resize=350%2C200","width":350,"height":200,"srcset":"https:\/\/i0.wp.com\/www.juan-larrosa.com\/wp-content\/uploads\/2014\/06\/IMG_0041.jpg?fit=1200%2C896&ssl=1&resize=350%2C200 1x, https:\/\/i0.wp.com\/www.juan-larrosa.com\/wp-content\/uploads\/2014\/06\/IMG_0041.jpg?fit=1200%2C896&ssl=1&resize=525%2C300 1.5x, https:\/\/i0.wp.com\/www.juan-larrosa.com\/wp-content\/uploads\/2014\/06\/IMG_0041.jpg?fit=1200%2C896&ssl=1&resize=700%2C400 2x, https:\/\/i0.wp.com\/www.juan-larrosa.com\/wp-content\/uploads\/2014\/06\/IMG_0041.jpg?fit=1200%2C896&ssl=1&resize=1050%2C600 3x"},"classes":[]}],"jetpack_shortlink":"https:\/\/wp.me\/P4Hsnc-Gh","jetpack_likes_enabled":true,"_links":{"self":[{"href":"https:\/\/www.juan-larrosa.com\/en\/wp-json\/wp\/v2\/pages\/2621","targetHints":{"allow":["GET"]}}],"collection":[{"href":"https:\/\/www.juan-larrosa.com\/en\/wp-json\/wp\/v2\/pages"}],"about":[{"href":"https:\/\/www.juan-larrosa.com\/en\/wp-json\/wp\/v2\/types\/page"}],"author":[{"embeddable":true,"href":"https:\/\/www.juan-larrosa.com\/en\/wp-json\/wp\/v2\/users\/1"}],"replies":[{"embeddable":true,"href":"https:\/\/www.juan-larrosa.com\/en\/wp-json\/wp\/v2\/comments?post=2621"}],"version-history":[{"count":1,"href":"https:\/\/www.juan-larrosa.com\/en\/wp-json\/wp\/v2\/pages\/2621\/revisions"}],"predecessor-version":[{"id":2622,"href":"https:\/\/www.juan-larrosa.com\/en\/wp-json\/wp\/v2\/pages\/2621\/revisions\/2622"}],"up":[{"embeddable":true,"href":"https:\/\/www.juan-larrosa.com\/en\/wp-json\/wp\/v2\/pages\/2616"}],"wp:attachment":[{"href":"https:\/\/www.juan-larrosa.com\/en\/wp-json\/wp\/v2\/media?parent=2621"}],"curies":[{"name":"wp","href":"https:\/\/api.w.org\/{rel}","templated":true}]}}