{"id":1469,"date":"2019-05-31T08:29:37","date_gmt":"2019-05-31T13:29:37","guid":{"rendered":"http:\/\/www.juan-larrosa.com\/?page_id=1469"},"modified":"2025-12-10T21:57:06","modified_gmt":"2025-12-11T03:57:06","slug":"cv","status":"publish","type":"page","link":"https:\/\/www.juan-larrosa.com\/en\/cv\/","title":{"rendered":"CV"},"content":{"rendered":"<p style=\"text-align: center;\"><a href=\"https:\/\/www.juan-larrosa.com\/wp-content\/uploads\/2023\/02\/CV.Larrosa.General.English.pdf\" class=\"pdfemb-viewer\" style=\"\" data-width=\"max\" data-height=\"max\" data-toolbar=\"bottom\" data-toolbar-fixed=\"off\">Juan S. Larrosa-Fuentes CV (English)<\/a>\n<p>&nbsp;<\/p>\n<p style=\"text-align: center;\"><strong>Updated: 01\/02\/2023<\/strong><\/p>\n","protected":false},"excerpt":{"rendered":"<p class=\"excerpt\">&nbsp; Updated: 01\/02\/2023 <a href=\"https:\/\/www.juan-larrosa.com\/en\/cv\/\">Read more &rarr;<\/a><\/p>\n","protected":false},"author":1,"featured_media":0,"parent":0,"menu_order":0,"comment_status":"closed","ping_status":"closed","template":"","meta":{"nf_dc_page":"","advanced_seo_description":"","jetpack_seo_html_title":"","jetpack_seo_noindex":false,"footnotes":""},"class_list":["post-1469","page","type-page","status-publish","hentry","xfolkentry"],"jetpack_sharing_enabled":false,"jetpack-related-posts":[{"id":1464,"url":"https:\/\/www.juan-larrosa.com\/cv\/","url_meta":{"origin":1469,"position":0},"title":"CV","author":"Juan S. Larrosa-Fuentes","date":"31 May, 2019","format":false,"excerpt":"Director del Departamento de Estudios Socioculturales (DESO), ITESO \u00b7 Acad\u00e9mico en comunicaci\u00f3n pol\u00edtica y cultura p\u00fablica \u00b7 larrosa arroba iteso.mx \u00b7 juan-larrosa.com Descargar CV completo (PDF) Educaci\u00f3n Ph.D. en Medios y Comunicaci\u00f3n, Temple University, Filadelfia, EUA (2013\u20132017). Maestr\u00eda en Comunicaci\u00f3n, Universidad de Guadalajara, M\u00e9xico (2010\u20132012). Licenciatura en Ciencias de la\u2026","rel":"","context":"Similar post","block_context":{"text":"Similar post","link":""},"img":{"alt_text":"","src":"","width":0,"height":0},"classes":[]},{"id":2075,"url":"https:\/\/www.juan-larrosa.com\/proyectos-en-curso\/mocopo\/","url_meta":{"origin":1469,"position":1},"title":"Modelo de Sistemas de Comunicaci\u00f3n Pol\u00edtica","author":"Juan S. Larrosa-Fuentes","date":"17 January, 2025","format":false,"excerpt":"Cuando comenc\u00e9 a estudiar la comunicaci\u00f3n pol\u00edtica, especialmente durante campa\u00f1as electorales me adentr\u00e9 en las teor\u00edas propias del campo. En un primer momento estudi\u00e9 las teor\u00edas de los efectos, despu\u00e9s trabaj\u00e9 con teor\u00edas de orden institucional y un poco m\u00e1s adelante me interes\u00f3 conocer sobre comunicaci\u00f3n y opini\u00f3n p\u00fablica. Al\u2026","rel":"","context":"Similar post","block_context":{"text":"Similar post","link":""},"img":{"alt_text":"","src":"","width":0,"height":0},"classes":[]},{"id":97,"url":"https:\/\/www.juan-larrosa.com\/comunicacion-politica\/","url_meta":{"origin":1469,"position":2},"title":"Comunicaci\u00f3n pol\u00edtica y elecciones","author":"Juan S. Larrosa-Fuentes","date":"7 July, 2014","format":false,"excerpt":"Desde 2006 he participado en diversos proyectos de investigaci\u00f3n para entender c\u00f3mo la comunicaci\u00f3n \u2014en todos sus niveles y dimensiones\u2014 estructura la pol\u00edtica durante los procesos electorales. He coordinado y participado en investigaciones sobre las elecciones mexicanas de 2006, 2012, 2015, 2018, 2021 y 2024. Adem\u00e1s, realic\u00e9 una etnograf\u00eda sobre\u2026","rel":"","context":"Similar post","block_context":{"text":"Similar post","link":""},"img":{"alt_text":"","src":"","width":0,"height":0},"classes":[]},{"id":116,"url":"https:\/\/www.juan-larrosa.com\/observatorios\/","url_meta":{"origin":1469,"position":3},"title":"Observatorios de comunicaci\u00f3n","author":"Juan S. Larrosa-Fuentes","date":"7 July, 2014","format":false,"excerpt":"Los observatorios de comunicaci\u00f3n son espacios en donde profesores, acad\u00e9micos, periodistas y ciudadanos en general, estudian, desde diversas perspectivas, el mundo de la comunicaci\u00f3n.\u00a0Entre los a\u00f1os 2007 y 2013 fui el coordinador de Quid ITESO: An\u00e1lisis Cr\u00edtico de Medios de Comunicaci\u00f3n, un observatorio de medios del Departamento de Estudios Socioculturales\u2026","rel":"","context":"Similar post","block_context":{"text":"Similar post","link":""},"img":{"alt_text":"","src":"https:\/\/i0.wp.com\/www.juan-larrosa.com\/wp-content\/uploads\/2014\/09\/Manual-para-la-observaci%C3%B3n-de-medios-229x300.jpg?resize=350%2C200&ssl=1","width":350,"height":200},"classes":[]},{"id":868,"url":"https:\/\/www.juan-larrosa.com\/docencia\/","url_meta":{"origin":1469,"position":4},"title":"Docencia","author":"Juan S. Larrosa-Fuentes","date":"24 February, 2017","format":false,"excerpt":"Tengo experiencia como profesor en doctorado, maestr\u00eda, licenciatura y preparatoria. Desde 2002 he colaborado con instituciones de educaci\u00f3n superior como el ITESO (profesor titular desde mayo de 2013), la Universidad de Guadalajara y Temple University (Filadelfia, Pensilvania).\u00a0He impartido clases en espa\u00f1ol e ingl\u00e9s, en modalidades presenciales y virtuales. Mis \u00e1reas\u2026","rel":"","context":"Similar post","block_context":{"text":"Similar post","link":""},"img":{"alt_text":"","src":"","width":0,"height":0},"classes":[]},{"id":877,"url":"https:\/\/www.juan-larrosa.com\/en\/teaching\/","url_meta":{"origin":1469,"position":5},"title":"Teaching","author":"Juan S. Larrosa-Fuentes","date":"24 February, 2017","format":false,"excerpt":"I have taught at doctoral, master\u2019s, undergraduate, and high school levels. Since 2002, I have worked at institutions such as ITESO University (tenured full professor), the University of Guadalajara, and Temple University (Philadelphia, PA). I am a bilingual professor with experience in both face-to-face and online teaching. My expertise focuses\u2026","rel":"","context":"Similar post","block_context":{"text":"Similar post","link":""},"img":{"alt_text":"Schuylkill River","src":"https:\/\/i0.wp.com\/www.juan-larrosa.com\/wp-content\/uploads\/2014\/06\/IMG_0041.jpg?fit=1200%2C896&ssl=1&resize=350%2C200","width":350,"height":200,"srcset":"https:\/\/i0.wp.com\/www.juan-larrosa.com\/wp-content\/uploads\/2014\/06\/IMG_0041.jpg?fit=1200%2C896&ssl=1&resize=350%2C200 1x, https:\/\/i0.wp.com\/www.juan-larrosa.com\/wp-content\/uploads\/2014\/06\/IMG_0041.jpg?fit=1200%2C896&ssl=1&resize=525%2C300 1.5x, https:\/\/i0.wp.com\/www.juan-larrosa.com\/wp-content\/uploads\/2014\/06\/IMG_0041.jpg?fit=1200%2C896&ssl=1&resize=700%2C400 2x, https:\/\/i0.wp.com\/www.juan-larrosa.com\/wp-content\/uploads\/2014\/06\/IMG_0041.jpg?fit=1200%2C896&ssl=1&resize=1050%2C600 3x"},"classes":[]}],"jetpack_shortlink":"https:\/\/wp.me\/P4Hsnc-nH","jetpack_likes_enabled":false,"_links":{"self":[{"href":"https:\/\/www.juan-larrosa.com\/en\/wp-json\/wp\/v2\/pages\/1469","targetHints":{"allow":["GET"]}}],"collection":[{"href":"https:\/\/www.juan-larrosa.com\/en\/wp-json\/wp\/v2\/pages"}],"about":[{"href":"https:\/\/www.juan-larrosa.com\/en\/wp-json\/wp\/v2\/types\/page"}],"author":[{"embeddable":true,"href":"https:\/\/www.juan-larrosa.com\/en\/wp-json\/wp\/v2\/users\/1"}],"replies":[{"embeddable":true,"href":"https:\/\/www.juan-larrosa.com\/en\/wp-json\/wp\/v2\/comments?post=1469"}],"version-history":[{"count":5,"href":"https:\/\/www.juan-larrosa.com\/en\/wp-json\/wp\/v2\/pages\/1469\/revisions"}],"predecessor-version":[{"id":1982,"href":"https:\/\/www.juan-larrosa.com\/en\/wp-json\/wp\/v2\/pages\/1469\/revisions\/1982"}],"wp:attachment":[{"href":"https:\/\/www.juan-larrosa.com\/en\/wp-json\/wp\/v2\/media?parent=1469"}],"curies":[{"name":"wp","href":"https:\/\/api.w.org\/{rel}","templated":true}]}}