{"id":100,"date":"2014-07-07T23:25:09","date_gmt":"2014-07-08T04:25:09","guid":{"rendered":"http:\/\/www.juan-larrosa.com\/?page_id=100"},"modified":"2026-02-16T18:59:29","modified_gmt":"2026-02-17T00:59:29","slug":"political-communication","status":"publish","type":"page","link":"https:\/\/www.juan-larrosa.com\/en\/political-communication\/","title":{"rendered":"Political Communication &#038; Elections"},"content":{"rendered":"<style><span data-mce-type=\"bookmark\" style=\"display: inline-block; width: 0px; overflow: hidden; line-height: 0;\" class=\"mce_SELRES_start\">\ufeff<\/span><br \/>\n  .proyecto-mitines { max-width: 860px; margin: 0 auto; padding: 0 16px; line-height: 1.7; }<br \/>\n  .proyecto-mitines h2 { margin: 18px 0 8px; font-size: 1.2rem; }<br \/>\n  .proyecto-mitines p { margin: 10px 0; }<br \/>\n  .proyecto-mitines a { color: #005e4f; text-decoration: none; border-bottom: 1px solid currentColor; }<br \/>\n  .proyecto-mitines a:hover { opacity: .9; }<br \/>\n  .pc-small { color:#555; font-size:.95rem; }<\/p>\n<p>  .pubs { list-style: none; padding-left: 0; margin: 10px 0; }<br \/>\n  .pubs li { padding: 10px 0; border-bottom: 1px solid #e5e7eb; }<br \/>\n  .pubs li:last-child { border-bottom: 0; }<br \/>\n  .pubs .year { display:inline-block; font-weight:700; margin-right:6px; }<br \/>\n  .pubs .meta { color:#555; }<br \/>\n  .pubs em { font-style: italic; }<\/p>\n<p>  .tag { display:inline-block; font-size:.85rem; padding:2px 8px; border:1px solid #e5e7eb; border-radius:999px; margin-left:8px; color:#444; }<\/p>\n<\/style>\n<section id=\"political-communication-elections\" class=\"proyecto-mitines\">Since 2006, I have participated in multiple research projects to understand how communication\u2014across its levels and dimensions\u2014structures politics during electoral processes. I have coordinated and taken part in research on Mexico\u2019s federal and local elections in 2006, 2012, 2015, 2018, 2021, and 2024. I also conducted an ethnography of the 2016 United States presidential election as part of my doctoral dissertation. I currently lead a collaborative research project on political rallies during Mexico\u2019s 2024 presidential election (<a href=\"https:\/\/www.juan-larrosa.com\/proyectos-en-curso\/mitines\/\" target=\"_blank\" rel=\"noopener\">see project page<\/a>).<\/section>\n<hr \/>\n<h2 class=\"proyecto-mitines\">Publications and research outputs<\/h2>\n<section><\/section>\n<section class=\"proyecto-mitines\">\n<ul class=\"pubs\">\n<li><span class=\"year\">2025<\/span><br \/>\nLarrosa-Fuentes, Juan S., Magdalena Sof\u00eda Pal\u00e1u Cardona and Mar\u00eda I. Quinn Cervantes.<br \/>\n\u201c<a href=\"https:\/\/www.juan-larrosa.com\/wp-content\/uploads\/2026\/02\/Larrosa.Innovaciones-en-la-comunicacion-politica.pdf\" target=\"_blank\" rel=\"noopener\">Innovations and challenges in political communication: hybrid systems and digital culture in the 2024 presidential campaigns<\/a>\u201d<br \/>\n<span class=\"pc-small\">[Original title: \u201cInnovaciones y desaf\u00edos en la comunicaci\u00f3n pol\u00edtica: sistemas h\u00edbridos y cultura digital en las campa\u00f1as presidenciales de 2024\u201d]<\/span>.<br \/>\n<em>Virtualis<\/em> (Mexico) 17(30): I\u2013VI.<br \/>\n<span class=\"meta\">DOI: <a href=\"https:\/\/doi.org\/10.46530\/virtualis.v16i29.486\" target=\"_blank\" rel=\"noopener\">10.46530\/virtualis.v16i29.486<\/a><\/span><br \/>\n<span class=\"tag\">article<\/span><\/li>\n<li><span class=\"year\">2024<\/span><br \/>\nEcheverr\u00eda, Mart\u00edn, and Juan S. Larrosa-Fuentes.<br \/>\n\u201c<a href=\"https:\/\/doi.org\/10.25200\/BJR.v20n1.2024.1629\" target=\"_blank\" rel=\"noopener\">Markets, Regions and Journalistic Quality: Evaluation of the Performance of Print and Digital Media in Mexico during an Electoral Process<\/a>\u201d.<br \/>\n<em>Brazilian Journalism Research<\/em> 20(1): e1629.<br \/>\n<span class=\"tag\">article<\/span><\/li>\n<li><span class=\"year\">2023<\/span><br \/>\nLarrosa-Fuentes, Juan S.<br \/>\n\u201c<a href=\"https:\/\/doi.org\/10.1080\/17450101.2023.2257395\" target=\"_blank\" rel=\"noopener\">Political rallies as assemblages for transportation and communication: the case of the 2016 Democratic presidential campaign<\/a>\u201d.<br \/>\n<em>Mobilities<\/em>, 1\u201315.<br \/>\n<span class=\"meta\">DOI: <a href=\"https:\/\/doi.org\/10.1080\/17450101.2023.2257395\" target=\"_blank\" rel=\"noopener\">10.1080\/17450101.2023.2257395<\/a><\/span><br \/>\n<span class=\"tag\">article<\/span><\/li>\n<li><span class=\"year\">2023<\/span><br \/>\nLarrosa-Fuentes, Juan S., and Mar\u00eda Magdalena Sof\u00eda Pal\u00e1u Cardona.<br \/>\n\u201c<a href=\"https:\/\/www.juan-larrosa.com\/wp-content\/uploads\/2023\/12\/Larrosa.Problemas-epistemicos-en-la-produccion-de-conocimientos-durante-una-eleccion.pdf\" target=\"_blank\" rel=\"noopener\">Problems in the production of political\u2013journalistic knowledge during an election: between partisan overrepresentation and the crisis of the press<\/a>\u201d<br \/>\n<span class=\"pc-small\">[Original title: \u201cProblemas en la producci\u00f3n de conocimiento pol\u00edtico-period\u00edstico durante una elecci\u00f3n: entre la sobrerrepresentaci\u00f3n partidista y la crisis de la prensa\u201d]<\/span>.<br \/>\nIn <a href=\"https:\/\/editorial.iteso.mx\/index.php\/PI\/catalog\/book\/8\" target=\"_blank\" rel=\"noopener\"><em>Jalisco Elections 2021: Findings and considerations<\/em><\/a><br \/>\n<span class=\"pc-small\">[Original book title: <em>Elecciones en Jalisco 2021: Hallazgos y consideraciones<\/em>]<\/span>,<br \/>\nedited by Ruth Elizabeth Prado P\u00e9rez and Jorge E. Rocha Quintero, 15\u201331. Guadalajara: ITESO.<br \/>\n<span class=\"meta\">DOI: <a href=\"https:\/\/doi.org\/10.31391\/2xc4n870.4\" target=\"_blank\" rel=\"noopener\">10.31391\/2xc4n870.4<\/a><\/span><br \/>\n<span class=\"tag\">book chapter<\/span><\/li>\n<li><span class=\"year\">2022<\/span><br \/>\nLarrosa-Fuentes, Juan S.<br \/>\n\u201c<a href=\"https:\/\/doi.org\/10.1017\/lar.2022.19\" target=\"_blank\" rel=\"noopener\">Representations of Latinos in a Democratic Party Campaign in the United States: Identity Ownership, Narratives, and Values<\/a>\u201d.<br \/>\n<em>Latin American Research Review<\/em>, 1\u201314.<br \/>\n<span class=\"tag\">article<\/span><\/li>\n<li><span class=\"year\">2021<\/span><br \/>\nLarrosa-Fuentes, Juan S.<br \/>\n\u201c<a href=\"http:\/\/www.juan-larrosa.com\/larrosa-la-trasformacion-digital-de-las-campan%cc%83as-politicas\/\" target=\"_blank\" rel=\"noopener\">The digital transformation of political campaigns: the case of the 2018 Jalisco gubernatorial election<\/a>\u201d<br \/>\n<span class=\"pc-small\">[Original title: \u201cLa transformaci\u00f3n digital de las campa\u00f1as pol\u00edticas: el caso de las elecciones al gobierno de Jalisco en 2018\u201d]<\/span>.<br \/>\nIn <em>Jalisco Elections 2018: Findings and considerations<\/em><br \/>\n<span class=\"pc-small\">[Original book title: <em>Elecciones en Jalisco 2018: hallazgos y consideraciones<\/em>]<\/span>,<br \/>\nedited by Ruth Elizabeth Prado P\u00e9rez and Jorge E. Rocha Quintero, 65\u201379. Guadalajara: ITESO.<br \/>\n<span class=\"tag\">book chapter<\/span><\/li>\n<li><span class=\"year\">2020<\/span><br \/>\nLarrosa-Fuentes, J. S.<br \/>\n<a href=\"https:\/\/www.juan-larrosa.com\/wp-content\/uploads\/2021\/01\/Larrosa.An-Interpersonal-Political-Communication-Derfinition-and-Typology.pdf\" target=\"_blank\" rel=\"noopener\">Political Talk, Conversation, Discussion, Debate, or Deliberation? An Interpersonal Political Communication Definition and Typology<\/a>.<br \/>\n<em>Global Media Journal M\u00e9xico<\/em> 17(33): 1\u201319.<br \/>\n<span class=\"meta\">DOI: <a href=\"https:\/\/doi.org\/10.29105\/gmjmx17.33-1\" target=\"_blank\" rel=\"noopener\">10.29105\/gmjmx17.33-1<\/a><\/span><br \/>\n<span class=\"tag\">article<\/span><\/li>\n<li><span class=\"year\">2020<\/span><br \/>\nLarrosa-Fuentes, J. S., &amp; Garc\u00eda Ch\u00e1vez, M. T.<br \/>\n<a href=\"http:\/\/www.juan-larrosa.com\/wp-content\/uploads\/2021\/01\/Larrosa.Dia%CC%81logos-pu%CC%81blicos-en-Facebook-en-las-campan%CC%83as-electorales-2018.pdf\" target=\"_blank\" rel=\"noopener\">Controlled interactivity between political elites and citizens: public dialogues on Facebook during the 2018 Jalisco electoral campaigns<\/a>.<br \/>\n<em>Virtualis<\/em> 11(21): 179\u2013198.<br \/>\n<span class=\"meta\">Link: <a href=\"https:\/\/www.revistavirtualis.mx\/index.php\/virtualis\/article\/view\/357\" target=\"_blank\" rel=\"noopener\">revistavirtualis.mx<\/a><\/span><br \/>\n<span class=\"tag\">article<\/span><\/li>\n<li><span class=\"year\">2017<\/span><br \/>\nLarrosa-Fuentes, J. S.<br \/>\n<a href=\"http:\/\/www.juan-larrosa.com\/wp-content\/uploads\/2018\/01\/Larrosa-Communication-and-the-Body-Politic-Hillary-Clinton%E2%80%99s-2016-Presidential-Campaign-in-Philadelphia%E2%80%99s-Latino-Community.pdf\" target=\"_blank\" rel=\"noopener noreferrer\"><em>Communication and the Body Politic: Hillary Clinton\u2019s 2016 Presidential Campaign in Philadelphia\u2019s Latino Community<\/em><\/a>.<br \/>\nDoctoral dissertation, Temple University, Philadelphia.<br \/>\n<span class=\"tag\">dissertation<\/span><\/li>\n<li><span class=\"year\">2017<\/span><br \/>\nLarrosa-Fuentes, J. S.<br \/>\n<a href=\"http:\/\/www.juan-larrosa.com\/wp-content\/uploads\/2017\/04\/Larrosa.La-tormenta-perfecta-que-llev%C3%B3-a-Trump-al-poder.pdf\" target=\"_blank\" rel=\"noopener\">The perfect storm that brought Trump to power: elections as a critical juncture for the U.S. political communication system<\/a><br \/>\n<span class=\"pc-small\">[Original title: \u201cLa tormenta perfecta que llev\u00f3 a Trump al poder: las elecciones como una coyuntura cr\u00edtica para el sistema de comunicaci\u00f3n pol\u00edtica estadounidense\u201d]<\/span>.<br \/>\n<em>An\u00e1lisis Plural<\/em>, 127\u2013140.<br \/>\n<span class=\"tag\">essay<\/span><\/li>\n<li><span class=\"year\">2017<\/span><br \/>\nLarrosa-Fuentes, J. S.<br \/>\n<a href=\"http:\/\/www.juan-larrosa.com\/wp-content\/uploads\/2017\/02\/Larrosa.Deliberation-and-Conversation-between-Political-Elites-and-Social-Media-Users-during-Guadalajara%E2%80%99s-Election.Final_.pdf\" target=\"_blank\" rel=\"noopener\">Deliberation and Conversation Between Political Elites and Social Media Users During Guadalajara\u2019s Election: A Political Communication Systems Approach<\/a>.<br \/>\n<em>Tr\u00edpodos<\/em> (39): 109\u2013125.<br \/>\n<span class=\"tag\">article<\/span><\/li>\n<li><span class=\"year\">2016<\/span><br \/>\nLarrosa-Fuentes, J. S.<br \/>\n<a href=\"http:\/\/www.juan-larrosa.com\/wp-content\/uploads\/2019\/05\/2016.A-Bilingual-Campaign.Clinton%E2%80%99s-Latino-Political-Communication.pdf\" target=\"_blank\" rel=\"noopener noreferrer\">A Bilingual Campaign: Clinton\u2019s Latino Political Communication<\/a>.<br \/>\nIn D. G. Lilleker (Ed.), <em>US Election Analysis 2016: Media, Voters, and the Campaign<\/em> (p. 43). Poole, England: The Centre for the Study of Journalism, Culture, and Community.<br \/>\n<span class=\"tag\">book chapter<\/span><\/li>\n<li><span class=\"year\">2016<\/span><br \/>\nLarrosa-Fuentes, J. S.<br \/>\n<a href=\"http:\/\/www.juan-larrosa.com\/wp-content\/uploads\/2016\/09\/Larrosa.Di%C3%A1logo-p%C3%BAblico-en-Twitter-durante-los-debates-del-debate-elecciones-2015.pdf\" target=\"_blank\" rel=\"noopener\">The debate about electoral debates on Twitter during the 2015 campaigns for mayor of Guadalajara<\/a><br \/>\n<span class=\"pc-small\">[Original title: \u201cEl debate de los debates electorales en Twitter durante las campa\u00f1as a presidente municipal de Guadalajara, 2015\u201d]<\/span>.<br \/>\nIn M. M. S. Pal\u00e1u Cardona (Ed.), <em>Media and the right to information in Jalisco, 2015<\/em><br \/>\n<span class=\"pc-small\">[Original book title: <em>Medios de comunicaci\u00f3n y derecho a la informaci\u00f3n en Jalisco, 2015<\/em>]<\/span><br \/>\n(pp. 87\u2013103). Guadalajara: ITESO.<br \/>\n<span class=\"tag\">book chapter<\/span><\/li>\n<li><span class=\"year\">2016<\/span><br \/>\nLarrosa-Fuentes, J. S.<br \/>\n<a href=\"http:\/\/www.juan-larrosa.com\/wp-content\/uploads\/2016\/09\/Larrosa.Infraestructura-material-del-sistema-de-comunicaci%C3%B3n-pol%C3%ADtica-en-Internet.pdf\" target=\"_blank\" rel=\"noopener\">Not everyone can\u2014and not everyone wants to\u2014participate: use and exploitation of the material infrastructure of the political communication system on the Internet during Guadalajara\u2019s 2015 electoral process<\/a><br \/>\n<span class=\"pc-small\">[Original title: \u201cNi todos pueden ni todos quieren participar. Uso y explotaci\u00f3n de la infraestructura material del sistema de comunicaci\u00f3n pol\u00edtica en Internet durante el proceso electoral de Guadalajara 2015\u201d]<\/span>.<br \/>\nIn M. M. S. Pal\u00e1u Cardona (Ed.), <em>Media and the right to information in Jalisco, 2015<\/em><br \/>\n<span class=\"pc-small\">[Original book title: <em>Medios de comunicaci\u00f3n y derecho a la informaci\u00f3n en Jalisco, 2015<\/em>]<\/span><br \/>\n(pp. 75\u201386). Guadalajara: ITESO.<br \/>\n<span class=\"tag\">book chapter<\/span><\/li>\n<li><span class=\"year\">2014<\/span><br \/>\nLarrosa-Fuentes, J. S.<br \/>\n<a href=\"http:\/\/www.juan-larrosa.com\/wp-content\/uploads\/2015\/02\/Larrosa.Twitter%E2%80%99s-messages-during-a-governor-election.pdf\" target=\"_blank\" rel=\"noopener\">Twitter messages during a gubernatorial election: horizontal communication, self-referential discourse, and scarce public dialogue<\/a><br \/>\n<span class=\"pc-small\">[Original title: \u201cLos mensajes en Twitter durante una elecci\u00f3n a gobernador: comunicaci\u00f3n horizontal, autorreferencial y escasez de di\u00e1logo p\u00fablico (ingl\u00e9s)\u201d]<\/span>.<br \/>\n<em>Global Media Journal M\u00e9xico<\/em> 11(22): 42\u201360.<br \/>\n<span class=\"tag\">article<\/span><\/li>\n<li><span class=\"year\">2013<\/span><br \/>\nLarrosa-Fuentes, J. S., &amp; Pal\u00e1u Cardona, S. (Eds.).<br \/>\n<a href=\"http:\/\/www.juan-larrosa.com\/wp-content\/uploads\/2018\/07\/Informe.final_.2012.pdf\" target=\"_blank\" rel=\"noopener noreferrer\"><em>Analysis of Jalisco\u2019s political communication system during gubernatorial campaign periods<\/em><\/a><br \/>\n<span class=\"pc-small\">[Original title: <em>An\u00e1lisis del sistema de comunicaci\u00f3n pol\u00edtica de Jalisco durante las campa\u00f1as electorales a gobernador<\/em>]<\/span>.<br \/>\nGuadalajara: ITESO, Department of Sociocultural Studies.<br \/>\n<span class=\"tag\">report<\/span><\/p>\n<div class=\"pc-small\">Note: text is in Spanish.<\/div>\n<\/li>\n<li><span class=\"year\">2013<\/span><br \/>\nLarrosa-Fuentes, J. S., &amp; Pal\u00e1u Cardona, S.<br \/>\n<a href=\"http:\/\/www.juan-larrosa.com\/wp-content\/uploads\/2015\/07\/Larrosa.Palau_.Medios-de-comunicaci%C3%B3n-y-elecciones-en-Jalisco.04.pdf\" target=\"_blank\" rel=\"noopener\"><em>The communication battles of the 2012 Jalisco elections<\/em><\/a><br \/>\n<span class=\"pc-small\">[Original title: <em>Las batallas comunicativas en las elecciones de 2012 en Jalisco<\/em>]<\/span>.<br \/>\nGuadalajara. <span class=\"meta\">(Unpublished)<\/span><br \/>\n<span class=\"tag\">unpublished<\/span><\/p>\n<div class=\"pc-small\">Note: text is in Spanish.<\/div>\n<\/li>\n<li><span class=\"year\">2013<\/span><br \/>\nDuarte, L., &amp; Larrosa-Fuentes, J. S.<br \/>\n<a href=\"https:\/\/www.juan-larrosa.com\/wp-content\/uploads\/2015\/04\/Larrosa.Duarte.Comunidades-virtuales-y-elecciones.pdf\" target=\"_blank\" rel=\"noopener noreferrer\">Virtual communities and elections<\/a><br \/>\n<span class=\"pc-small\">[Original title: \u201cComunidades virtuales y elecciones\u201d]<\/span>.<br \/>\nGuadalajara: ITESO, Department of Sociocultural Studies.<br \/>\n<span class=\"tag\">report<\/span><\/p>\n<div class=\"pc-small\">Note: text is in Spanish.<\/div>\n<\/li>\n<\/ul>\n<\/section>\n","protected":false},"excerpt":{"rendered":"<p class=\"excerpt\">Since 2006, I have participated in multiple research projects to understand how communication\u2014across its levels and dimensions\u2014structures politics during electoral processes. I have coordinated and taken part in research on Mexico\u2019s federal and local elections in 2006, 2012, 2015, 2018, 2021, and 2024. I also conducted an ethnography of the 2016 United States presidential election as part of my doctoral&hellip; <a href=\"https:\/\/www.juan-larrosa.com\/en\/political-communication\/\">Read more &rarr;<\/a><\/p>\n","protected":false},"author":1,"featured_media":0,"parent":0,"menu_order":0,"comment_status":"closed","ping_status":"closed","template":"","meta":{"nf_dc_page":"","advanced_seo_description":"","jetpack_seo_html_title":"","jetpack_seo_noindex":false,"footnotes":""},"class_list":["post-100","page","type-page","status-publish","hentry","xfolkentry"],"jetpack_sharing_enabled":false,"jetpack-related-posts":[{"id":97,"url":"https:\/\/www.juan-larrosa.com\/comunicacion-politica\/","url_meta":{"origin":100,"position":0},"title":"Comunicaci\u00f3n pol\u00edtica y elecciones","author":"Juan S. Larrosa-Fuentes","date":"7 July, 2014","format":false,"excerpt":"Desde 2006 he participado en diversos proyectos de investigaci\u00f3n para entender c\u00f3mo la comunicaci\u00f3n \u2014en todos sus niveles y dimensiones\u2014 estructura la pol\u00edtica durante los procesos electorales. He coordinado y participado en investigaciones sobre las elecciones mexicanas de 2006, 2012, 2015, 2018, 2021 y 2024. Adem\u00e1s, realic\u00e9 una etnograf\u00eda sobre\u2026","rel":"","context":"Similar post","block_context":{"text":"Similar post","link":""},"img":{"alt_text":"","src":"","width":0,"height":0},"classes":[]},{"id":1953,"url":"https:\/\/www.juan-larrosa.com\/comunicacion-covid-19\/","url_meta":{"origin":100,"position":1},"title":"Comunicaci\u00f3n p\u00fablica en tiempos de pandemia","author":"Juan S. Larrosa-Fuentes","date":"26 October, 2022","format":false,"excerpt":"Este proyecto analiza la estrategia de comunicaci\u00f3n p\u00fablica del Gobierno Federal mexicano durante la pandemia de COVID-19, con foco en las conferencias de prensa como dispositivos para informar, organizar e influir en la ciudadan\u00eda. En esta p\u00e1gina se encuentran los productos acad\u00e9micos que derivaron de este proyecto de investigaci\u00f3n realizado\u2026","rel":"","context":"Similar post","block_context":{"text":"Similar post","link":""},"img":{"alt_text":"Portada del libro: Comunicaci\u00f3n p\u00fablica y pol\u00edtica en tiempos del covid-19","src":"https:\/\/i0.wp.com\/www.juan-larrosa.com\/wp-content\/uploads\/2025\/10\/Comunicacion-publica-y-politica-en-tiempos-de-covid-19_Pagina_001-218x300.jpg?resize=350%2C200&ssl=1","width":350,"height":200},"classes":[]},{"id":2150,"url":"https:\/\/www.juan-larrosa.com\/en\/public-communication-covid-19\/","url_meta":{"origin":100,"position":2},"title":"Public Communication &#038; Covid-19","author":"Juan S. Larrosa-Fuentes","date":"26 October, 2022","format":false,"excerpt":"This project examines the public communication strategy of the Mexican Federal Government during the COVID-19 pandemic, focusing on press conferences as devices to inform, organize, and influence the public. This page compiles the academic outputs resulting from the research conducted between 2020 and 2025. \ud83c\udfaf Research Objective General objective: Analyze\u2026","rel":"","context":"Similar post","block_context":{"text":"Similar post","link":""},"img":{"alt_text":"Book cover: Comunicaci\u00f3n p\u00fablica y pol\u00edtica en tiempos del covid-19","src":"https:\/\/i0.wp.com\/www.juan-larrosa.com\/wp-content\/uploads\/2025\/10\/Comunicacion-publica-y-politica-en-tiempos-de-covid-19_Pagina_001-218x300.jpg?resize=350%2C200&ssl=1","width":350,"height":200},"classes":[]}],"jetpack_shortlink":"https:\/\/wp.me\/P4Hsnc-1C","jetpack_likes_enabled":false,"_links":{"self":[{"href":"https:\/\/www.juan-larrosa.com\/en\/wp-json\/wp\/v2\/pages\/100","targetHints":{"allow":["GET"]}}],"collection":[{"href":"https:\/\/www.juan-larrosa.com\/en\/wp-json\/wp\/v2\/pages"}],"about":[{"href":"https:\/\/www.juan-larrosa.com\/en\/wp-json\/wp\/v2\/types\/page"}],"author":[{"embeddable":true,"href":"https:\/\/www.juan-larrosa.com\/en\/wp-json\/wp\/v2\/users\/1"}],"replies":[{"embeddable":true,"href":"https:\/\/www.juan-larrosa.com\/en\/wp-json\/wp\/v2\/comments?post=100"}],"version-history":[{"count":5,"href":"https:\/\/www.juan-larrosa.com\/en\/wp-json\/wp\/v2\/pages\/100\/revisions"}],"predecessor-version":[{"id":2879,"href":"https:\/\/www.juan-larrosa.com\/en\/wp-json\/wp\/v2\/pages\/100\/revisions\/2879"}],"wp:attachment":[{"href":"https:\/\/www.juan-larrosa.com\/en\/wp-json\/wp\/v2\/media?parent=100"}],"curies":[{"name":"wp","href":"https:\/\/api.w.org\/{rel}","templated":true}]}}